{"id":14320,"date":"2026-01-26T17:27:52","date_gmt":"2026-01-26T17:27:52","guid":{"rendered":"https:\/\/gunesanaokulu.com.tr\/index.php\/sample-page\/"},"modified":"2026-02-04T13:19:18","modified_gmt":"2026-02-04T13:19:18","slug":"sample-page","status":"publish","type":"page","link":"https:\/\/gunesanaokulu.com.tr\/index.php\/sample-page\/","title":{"rendered":"Hakk\u0131m\u0131zda"},"content":{"rendered":"<div class=\"wpb-content-wrapper\">[vc_section full_width=&#8221;stretch_row&#8221; pix_over_visibility=&#8221;&#8221; responsive_css=&#8221;{&#8220;pix_res_sm_pt&#8220;:&#8220;60&#8220;,&#8220;pix_res_sm_pb&#8220;:&#8220;20&#8220;,&#8220;pix_res_md_pt&#8220;:&#8220;80&#8220;,&#8220;pix_res_md_pb&#8220;:&#8220;20&#8220;}&#8221; css=&#8221;.vc_custom_1647978164651{padding-top: 140px !important;padding-bottom: 40px !important;}&#8221; el_id=&#8221;pix_section_features&#8221;][vc_row full_width=&#8221;stretch_row&#8221; pix_particles_check=&#8221;&#8221; css=&#8221;.vc_custom_1636590535764{padding-bottom: 40px !important;}&#8221;][vc_column content_align=&#8221;text-center&#8221;]<div  class=\"pix-heading-el text-center  vc_custom_1770211143865\"><div class=\"d-inline-block\" style=\"max-width:800px;\"><h2 class=\"font-weight-bold display-3 h2 animate-in heading-text el-title_custom_color mb-12\" style=\"color:#1E73BE !important;\" data-anim-type=\"fade-in-up\" data-anim-delay=\"100\">Hakk\u0131m\u0131zda<\/h2><\/div><\/div><div class=\"pix-el-text w-100 text-center  vc_custom_1770208267190\" ><div class=\"d-inline-block\" style=\"max-width:550px;\"><p class=\"text-20  text-body-default text-center \" ><span class=\"text-body-default animate-in d-inline-block\" data-anim-delay=\"150\" data-anim-type=\"fade-in-up\">G\u00fcne\u015f Anaokulu, 2016 y\u0131l\u0131nda \u00e7ocuklar\u0131n kendilerini g\u00fcvende hissedecekleri, sevgiyle b\u00fcy\u00fcy\u00fcp mutlu \u00f6\u011frenebilecekleri bir okul hayaliyle kurulmu\u015ftur. Kurulu\u015f amac\u0131m\u0131z; her \u00e7ocu\u011fun bireysel potansiyelini ortaya \u00e7\u0131karan, oyun temelli ve \u00e7ocuk merkezli bir e\u011fitim ortam\u0131 sunmakt\u0131r.\r\n\r\nE\u011fitim anlay\u0131\u015f\u0131m\u0131z\u0131n temelinde sevgi, g\u00fcven ve sayg\u0131 yer al\u0131r. \u00c7ocuklar\u0131m\u0131z\u0131n sosyal, duygusal, bili\u015fsel ve fiziksel geli\u015fimlerini bir b\u00fct\u00fcn olarak ele al\u0131r; onlar\u0131 sadece bug\u00fcne de\u011fil, gelece\u011fe de haz\u0131rlar\u0131z. G\u00fcne\u015f Anaokulu\u2019nda \u00e7ocuklar ke\u015ffeder, \u00fcretir ve kendi h\u0131zlar\u0131nda \u00f6\u011frenir.\r\n\r\nAlan\u0131nda uzman e\u011fitim kadromuz, \u00e7ocuklar\u0131m\u0131z\u0131n geli\u015fim s\u00fcre\u00e7lerini yak\u0131ndan takip ederken; velilerimizle g\u00fc\u00e7l\u00fc ve \u015feffaf bir ileti\u015fim kurar. Uygulad\u0131\u011f\u0131m\u0131z e\u011fitim programlar\u0131 ve bran\u015f dersleriyle \u00e7ocuklar\u0131m\u0131z\u0131 ilkokula \u00f6zg\u00fcvenli, mutlu ve haz\u0131r bireyler olarak yeti\u015ftiririz.\r\n\r\nG\u00fcne\u015f Anaokulu olarak inan\u0131yoruz ki;\r\nHer \u00e7ocu\u011fun i\u00e7inde parlayan bir g\u00fcne\u015f vard\u0131r.\r\nBiz, o \u0131\u015f\u0131\u011f\u0131n yolunu sevgiyle ayd\u0131nlat\u0131yoruz.<\/span><\/p><\/div><\/div>[\/vc_column][\/vc_row][\/vc_section][vc_section full_width=&#8221;stretch_row&#8221; pix_over_visibility=&#8221;&#8221; responsive_css=&#8221;{&#8220;pix_res_sm_pt&#8220;:&#8220;40&#8220;,&#8220;pix_res_sm_pb&#8220;:&#8220;60&#8220;,&#8220;pix_res_md_pt&#8220;:&#8220;60&#8220;,&#8220;pix_res_md_pb&#8220;:&#8220;80&#8220;}&#8221; css=&#8221;.vc_custom_1647978086851{padding-top: 80px !important;padding-bottom: 120px !important;background-color: #ffffff !important;}&#8221;][vc_row full_width=&#8221;stretch_row&#8221; content_placement=&#8221;middle&#8221; pix_particles_check=&#8221;&#8221;][vc_column width=&#8221;1\/3&#8243; css=&#8221;.vc_custom_1636579648665{padding-right: 20px !important;padding-left: 20px !important;}&#8221; offset=&#8221;vc_col-md-offset-2&#8243;]<div class=\"card pix-hover-item  vc_custom_1769772892043 rounded-10 shadow-lg shadow-hover-lg fly-sm hover-bg text-left bg-gradient-primary d-flex align-items-end pix-team-card big-card \"  ><img fetchpriority=\"high\" decoding=\"async\" width=\"2560\" height=\"1707\" src=\"https:\/\/gunesanaokulu.com.tr\/wp-content\/uploads\/2026\/01\/IMG_2112-scaled.jpg\" class=\"card-img rounded-10 pix-opacity-6\" alt=\"\" srcset=\"https:\/\/gunesanaokulu.com.tr\/wp-content\/uploads\/2026\/01\/IMG_2112-scaled.jpg 2560w, https:\/\/gunesanaokulu.com.tr\/wp-content\/uploads\/2026\/01\/IMG_2112-300x200.jpg 300w, https:\/\/gunesanaokulu.com.tr\/wp-content\/uploads\/2026\/01\/IMG_2112-1024x683.jpg 1024w, https:\/\/gunesanaokulu.com.tr\/wp-content\/uploads\/2026\/01\/IMG_2112-768x512.jpg 768w, https:\/\/gunesanaokulu.com.tr\/wp-content\/uploads\/2026\/01\/IMG_2112-1536x1024.jpg 1536w, https:\/\/gunesanaokulu.com.tr\/wp-content\/uploads\/2026\/01\/IMG_2112-2048x1365.jpg 2048w\" sizes=\"(max-width: 2560px) 100vw, 2560px\" \/><div class=\"card-img-overlay d-flex flex-column justify-content-end\"><h3 class=\"pix-member-name card-title mb-0 font-weight-bold  secondary-font text-white animate-in\" style=\"\" data-anim-type=\"pix-3d-right-in\" data-anim-delay=\"200\">Figen Temel<\/h3><h6 class=\"pix-member-title font-weight-bold   text-light-opacity-8 mb-2 animate-in\" style=\"\" data-anim-type=\"pix-3d-right-in\" data-anim-delay=\"300\">Kurucu Ortak<\/h6><div class=\"font-weight-bold pix-social animate-in\" data-anim-type=\"pix-3d-right-in\" data-anim-delay=\"700\"><\/div><\/div><\/div>[\/vc_column][vc_column width=&#8221;1\/3&#8243;]<div class=\"card pix-hover-item  vc_custom_1769773000235 rounded-10 shadow-lg shadow-hover-lg fly-sm hover-bg text-left bg-gradient-primary d-flex align-items-end pix-team-card big-card \"  ><img decoding=\"async\" width=\"2560\" height=\"1707\" src=\"https:\/\/gunesanaokulu.com.tr\/wp-content\/uploads\/2026\/01\/IMG_2431-1-scaled.jpg\" class=\"card-img rounded-10 pix-opacity-6\" alt=\"\" srcset=\"https:\/\/gunesanaokulu.com.tr\/wp-content\/uploads\/2026\/01\/IMG_2431-1-scaled.jpg 2560w, https:\/\/gunesanaokulu.com.tr\/wp-content\/uploads\/2026\/01\/IMG_2431-1-300x200.jpg 300w, https:\/\/gunesanaokulu.com.tr\/wp-content\/uploads\/2026\/01\/IMG_2431-1-1024x683.jpg 1024w, https:\/\/gunesanaokulu.com.tr\/wp-content\/uploads\/2026\/01\/IMG_2431-1-768x512.jpg 768w, https:\/\/gunesanaokulu.com.tr\/wp-content\/uploads\/2026\/01\/IMG_2431-1-1536x1024.jpg 1536w, https:\/\/gunesanaokulu.com.tr\/wp-content\/uploads\/2026\/01\/IMG_2431-1-2048x1365.jpg 2048w\" sizes=\"(max-width: 2560px) 100vw, 2560px\" \/><div class=\"card-img-overlay d-flex flex-column justify-content-end\"><h3 class=\"pix-member-name card-title mb-0 font-weight-bold  secondary-font text-white animate-in\" style=\"\" data-anim-type=\"pix-3d-right-in\" data-anim-delay=\"400\">Sad\u0131k Can Temel<\/h3><h6 class=\"pix-member-title font-weight-bold   text-light-opacity-8 mb-2 animate-in\" style=\"\" data-anim-type=\"pix-3d-right-in\" data-anim-delay=\"500\">Kurucu Ortak<\/h6><div class=\"font-weight-bold pix-social animate-in\" data-anim-type=\"pix-3d-right-in\" data-anim-delay=\"700\"><\/div><\/div><\/div>[\/vc_column][\/vc_row][vc_row full_width=&#8221;stretch_row&#8221; pix_particles_check=&#8221;&#8221;][vc_column content_align=&#8221;text-center&#8221;]<div  class=\"pix-heading-el text-center  vc_custom_1770211155371\"><div class=\"d-inline-block\" style=\"max-width:800px;\"><h2 class=\"font-weight-bold display-3 h2 animate-in heading-text el-title_custom_color mb-12\" style=\"color:#1E73BE !important;\" data-anim-type=\"fade-in-up\" data-anim-delay=\"100\">Kurucular\u0131m\u0131z\u0131n Mesaj\u0131<\/h2><\/div><\/div><div class=\"pix-el-text w-100 text-center  vc_custom_1769773851209\" ><div class=\"d-inline-block\" style=\"max-width:550px;\"><p class=\"text-20  text-body-default text-center \" ><span class=\"text-body-default animate-in d-inline-block\" data-anim-delay=\"150\" data-anim-type=\"fade-in-up\">Say\u0131n Veliler, Gelece\u011fimizin Teminat\u0131 Sevgili \u00c7ocuklar, De\u011ferli E\u011fitimciler;\r\nMutlu ve ba\u015far\u0131l\u0131 bireyler yeti\u015ftirmeyi ama\u00e7 edinmi\u015f \u00d6zel G\u00fcne\u015f Anaokulu, azmi ve kararl\u0131l\u0131\u011f\u0131 ile her t\u00fcrl\u00fc fiziksel altyap\u0131ya sahip G\u00fcne\u015fevler yerle\u015fkesinde ba\u015far\u0131lar elde etmek i\u00e7in durmadan \u00e7al\u0131\u015fmaktad\u0131r.\r\n\u00c7a\u011fda\u015f e\u011fitim ilkelerinden \u00f6d\u00fcn vermeden, T\u00fcrkiye Cumhuriyeti\u2019nin yar\u0131nlar\u0131na, ayd\u0131n, \u00e7a\u011fda\u015f ve her alanda \u00f6nc\u00fc \u00e7ocuklar yeti\u015ftirme gayesinde olan \u00d6zel G\u00fcne\u015f Anaokulu, e\u011fitim &#8211; \u00f6\u011fretim d\u00f6nemine, kapsaml\u0131 bir haz\u0131rl\u0131k s\u00fcrecinin ard\u0131ndan ba\u015flayan ve k\u0131sa s\u00fcrede G\u00fcne\u015fevler yerle\u015fkesinde, okul \u00f6ncesi\u00a0ya\u015f grubuna hizmet veren\u00a0anaokulu\u00a0olarak yoluna devam etmektedir.\r\nOkulumuzda, ara\u015ft\u0131ran, \u00fcreten, sorgulayan, p\u0131r\u0131l p\u0131r\u0131l \u00e7ocuklar yeti\u015ftirmek, onlar\u0131n g\u00fcn ge\u00e7tik\u00e7e artan ba\u015far\u0131lar\u0131na tan\u0131k olmak, gelece\u011fe y\u00f6nelik planlar\u0131m\u0131z i\u00e7in bize g\u00fc\u00e7 ve h\u0131z katacakt\u0131r.\r\n\u00d6zel G\u00fcne\u015f Anaokulu \u00e7at\u0131s\u0131 alt\u0131nda emek verdi\u011fimiz, par\u0131ldayan her g\u00f6z, g\u00fclen her mutlu y\u00fcz gelece\u011fe olan inanc\u0131m\u0131z\u0131 bir kat daha artt\u0131rarak, onlara yapt\u0131\u011f\u0131m\u0131z yat\u0131r\u0131m\u0131n ne kadar kutsal oldu\u011funu bir kez daha kan\u0131tlam\u0131\u015ft\u0131r.\r\nBu inan\u00e7la, bug\u00fcne dek Ankara\u2019da okul \u00f6ncesi seviyesinde yapt\u0131\u011f\u0131m\u0131z e\u011fitim yat\u0131r\u0131m\u0131 ile \u00fclkemize yapt\u0131\u011f\u0131m\u0131z hizmetler, hi\u00e7 ku\u015fkunuz olmas\u0131n ki ilerleyen zamanlarda y\u00fcksek \u00f6\u011fretim seviyesinde de devam edecektir.<\/span><\/p><\/div><\/div>[\/vc_column][\/vc_row][\/vc_section]<\/div>","protected":false},"excerpt":{"rendered":"[vc_section full_width=&#8221;stretch_row&#8221; pix_over_visibility=&#8221;&#8221; responsive_css=&#8221;{&#8220;pix_res_sm_pt&#8220;:&#8220;60&#8220;,&#8220;pix_res_sm_pb&#8220;:&#8220;20&#8220;,&#8220;pix_res_md_pt&#8220;:&#8220;80&#8220;,&#8220;pix_res_md_pb&#8220;:&#8220;20&#8220;}&#8221; css=&#8221;.vc_custom_1647978164651{padding-top: 140px !important;padding-bottom: 40px !important;}&#8221; el_id=&#8221;pix_section_features&#8221;][vc_row full_width=&#8221;stretch_row&#8221; pix_particles_check=&#8221;&#8221; css=&#8221;.vc_custom_1636590535764{padding-bottom: 40px !important;}&#8221;][vc_column content_align=&#8221;text-center&#8221;][\/vc_column][\/vc_row][\/vc_section][vc_section full_width=&#8221;stretch_row&#8221; pix_over_visibility=&#8221;&#8221; responsive_css=&#8221;{&#8220;pix_res_sm_pt&#8220;:&#8220;40&#8220;,&#8220;pix_res_sm_pb&#8220;:&#8220;60&#8220;,&#8220;pix_res_md_pt&#8220;:&#8220;60&#8220;,&#8220;pix_res_md_pb&#8220;:&#8220;80&#8220;}&#8221; css=&#8221;.vc_custom_1647978086851{padding-top: 80px !important;padding-bottom: 120px !important;background-color: #ffffff !important;}&#8221;][vc_row full_width=&#8221;stretch_row&#8221; content_placement=&#8221;middle&#8221; pix_particles_check=&#8221;&#8221;][vc_column width=&#8221;1\/3&#8243; css=&#8221;.vc_custom_1636579648665{padding-right: 20px !important;padding-left: 20px !important;}&#8221; offset=&#8221;vc_col-md-offset-2&#8243;][\/vc_column][vc_column width=&#8221;1\/3&#8243;][\/vc_column][\/vc_row][vc_row full_width=&#8221;stretch_row&#8221; pix_particles_check=&#8221;&#8221;][vc_column content_align=&#8221;text-center&#8221;][\/vc_column][\/vc_row][\/vc_section]","protected":false},"author":1,"featured_media":0,"parent":0,"menu_order":0,"comment_status":"closed","ping_status":"open","template":"","meta":{"footnotes":""},"class_list":["post-14320","page","type-page","status-publish","hentry"],"yoast_head":"<!-- This site is optimized with the Yoast SEO plugin v27.3 - https:\/\/yoast.com\/product\/yoast-seo-wordpress\/ -->\n<title>Hakk\u0131m\u0131zda - G\u00fcne\u015f Anaokulu<\/title>\n<meta name=\"robots\" content=\"index, follow, max-snippet:-1, max-image-preview:large, max-video-preview:-1\" \/>\n<link rel=\"canonical\" href=\"https:\/\/gunesanaokulu.com.tr\/index.php\/sample-page\/\" \/>\n<meta property=\"og:locale\" content=\"tr_TR\" \/>\n<meta property=\"og:type\" content=\"article\" \/>\n<meta property=\"og:title\" content=\"Hakk\u0131m\u0131zda - G\u00fcne\u015f Anaokulu\" \/>\n<meta property=\"og:description\" content=\"[vc_section full_width=&#8221;stretch_row&#8221; pix_over_visibility=&#8221;&#8221; responsive_css=&#8221;{&#8220;pix_res_sm_pt&#8220;:&#8220;60&#8220;,&#8220;pix_res_sm_pb&#8220;:&#8220;20&#8220;,&#8220;pix_res_md_pt&#8220;:&#8220;80&#8220;,&#8220;pix_res_md_pb&#8220;:&#8220;20&#8220;}&#8221; css=&#8221;.vc_custom_1647978164651{padding-top: 140px !important;padding-bottom: 40px !important;}&#8221; el_id=&#8221;pix_section_features&#8221;][vc_row full_width=&#8221;stretch_row&#8221; pix_particles_check=&#8221;&#8221; css=&#8221;.vc_custom_1636590535764{padding-bottom: 40px !important;}&#8221;][vc_column content_align=&#8221;text-center&#8221;][\/vc_column][\/vc_row][\/vc_section][vc_section full_width=&#8221;stretch_row&#8221; pix_over_visibility=&#8221;&#8221; responsive_css=&#8221;{&#8220;pix_res_sm_pt&#8220;:&#8220;40&#8220;,&#8220;pix_res_sm_pb&#8220;:&#8220;60&#8220;,&#8220;pix_res_md_pt&#8220;:&#8220;60&#8220;,&#8220;pix_res_md_pb&#8220;:&#8220;80&#8220;}&#8221; css=&#8221;.vc_custom_1647978086851{padding-top: 80px !important;padding-bottom: 120px !important;background-color: #ffffff !important;}&#8221;][vc_row full_width=&#8221;stretch_row&#8221; content_placement=&#8221;middle&#8221; pix_particles_check=&#8221;&#8221;][vc_column width=&#8221;1\/3&#8243; css=&#8221;.vc_custom_1636579648665{padding-right: 20px !important;padding-left: 20px !important;}&#8221; offset=&#8221;vc_col-md-offset-2&#8243;][\/vc_column][vc_column width=&#8221;1\/3&#8243;][\/vc_column][\/vc_row][vc_row full_width=&#8221;stretch_row&#8221; pix_particles_check=&#8221;&#8221;][vc_column content_align=&#8221;text-center&#8221;][\/vc_column][\/vc_row][\/vc_section]\" \/>\n<meta property=\"og:url\" content=\"https:\/\/gunesanaokulu.com.tr\/index.php\/sample-page\/\" \/>\n<meta property=\"og:site_name\" content=\"G\u00fcne\u015f Anaokulu\" \/>\n<meta property=\"article:publisher\" content=\"https:\/\/facebook.com\/gunesanaokulu\" \/>\n<meta property=\"article:modified_time\" content=\"2026-02-04T13:19:18+00:00\" \/>\n<meta name=\"twitter:card\" content=\"summary_large_image\" \/>\n<meta name=\"twitter:site\" content=\"@gunes_anaokulu\" \/>\n<meta name=\"twitter:label1\" content=\"Tahmini okuma s\u00fcresi\" \/>\n\t<meta name=\"twitter:data1\" content=\"3 dakika\" \/>\n<script type=\"application\/ld+json\" class=\"yoast-schema-graph\">{\"@context\":\"https:\\\/\\\/schema.org\",\"@graph\":[{\"@type\":\"WebPage\",\"@id\":\"https:\\\/\\\/gunesanaokulu.com.tr\\\/index.php\\\/sample-page\\\/\",\"url\":\"https:\\\/\\\/gunesanaokulu.com.tr\\\/index.php\\\/sample-page\\\/\",\"name\":\"Hakk\u0131m\u0131zda - G\u00fcne\u015f Anaokulu\",\"isPartOf\":{\"@id\":\"https:\\\/\\\/gunesanaokulu.com.tr\\\/#website\"},\"datePublished\":\"2026-01-26T17:27:52+00:00\",\"dateModified\":\"2026-02-04T13:19:18+00:00\",\"breadcrumb\":{\"@id\":\"https:\\\/\\\/gunesanaokulu.com.tr\\\/index.php\\\/sample-page\\\/#breadcrumb\"},\"inLanguage\":\"tr\",\"potentialAction\":[{\"@type\":\"ReadAction\",\"target\":[\"https:\\\/\\\/gunesanaokulu.com.tr\\\/index.php\\\/sample-page\\\/\"]}]},{\"@type\":\"BreadcrumbList\",\"@id\":\"https:\\\/\\\/gunesanaokulu.com.tr\\\/index.php\\\/sample-page\\\/#breadcrumb\",\"itemListElement\":[{\"@type\":\"ListItem\",\"position\":1,\"name\":\"Anasayfa\",\"item\":\"https:\\\/\\\/gunesanaokulu.com.tr\\\/\"},{\"@type\":\"ListItem\",\"position\":2,\"name\":\"Hakk\u0131m\u0131zda\"}]},{\"@type\":\"WebSite\",\"@id\":\"https:\\\/\\\/gunesanaokulu.com.tr\\\/#website\",\"url\":\"https:\\\/\\\/gunesanaokulu.com.tr\\\/\",\"name\":\"G\u00fcne\u015f Anaokulu\",\"description\":\"E\u011fitime G\u00fcne\u015f Gibi S\u0131cac\u0131k Bir Ba\u015flang\u0131\u00e7\",\"publisher\":{\"@id\":\"https:\\\/\\\/gunesanaokulu.com.tr\\\/#organization\"},\"potentialAction\":[{\"@type\":\"SearchAction\",\"target\":{\"@type\":\"EntryPoint\",\"urlTemplate\":\"https:\\\/\\\/gunesanaokulu.com.tr\\\/?s={search_term_string}\"},\"query-input\":{\"@type\":\"PropertyValueSpecification\",\"valueRequired\":true,\"valueName\":\"search_term_string\"}}],\"inLanguage\":\"tr\"},{\"@type\":\"Organization\",\"@id\":\"https:\\\/\\\/gunesanaokulu.com.tr\\\/#organization\",\"name\":\"G\u00fcne\u015f Anaokulu\",\"url\":\"https:\\\/\\\/gunesanaokulu.com.tr\\\/\",\"logo\":{\"@type\":\"ImageObject\",\"inLanguage\":\"tr\",\"@id\":\"https:\\\/\\\/gunesanaokulu.com.tr\\\/#\\\/schema\\\/logo\\\/image\\\/\",\"url\":\"https:\\\/\\\/gunesanaokulu.com.tr\\\/wp-content\\\/uploads\\\/2026\\\/02\\\/gunes-anaokulu-logo-7000x5200px-scaled.png\",\"contentUrl\":\"https:\\\/\\\/gunesanaokulu.com.tr\\\/wp-content\\\/uploads\\\/2026\\\/02\\\/gunes-anaokulu-logo-7000x5200px-scaled.png\",\"width\":2560,\"height\":1920,\"caption\":\"G\u00fcne\u015f Anaokulu\"},\"image\":{\"@id\":\"https:\\\/\\\/gunesanaokulu.com.tr\\\/#\\\/schema\\\/logo\\\/image\\\/\"},\"sameAs\":[\"https:\\\/\\\/facebook.com\\\/gunesanaokulu\",\"https:\\\/\\\/x.com\\\/gunes_anaokulu\",\"https:\\\/\\\/instagram.com\\\/gunesanaokuluankara\"]}]}<\/script>\n<!-- \/ Yoast SEO plugin. -->","yoast_head_json":{"title":"Hakk\u0131m\u0131zda - G\u00fcne\u015f Anaokulu","robots":{"index":"index","follow":"follow","max-snippet":"max-snippet:-1","max-image-preview":"max-image-preview:large","max-video-preview":"max-video-preview:-1"},"canonical":"https:\/\/gunesanaokulu.com.tr\/index.php\/sample-page\/","og_locale":"tr_TR","og_type":"article","og_title":"Hakk\u0131m\u0131zda - G\u00fcne\u015f Anaokulu","og_description":"[vc_section full_width=&#8221;stretch_row&#8221; pix_over_visibility=&#8221;&#8221; responsive_css=&#8221;{&#8220;pix_res_sm_pt&#8220;:&#8220;60&#8220;,&#8220;pix_res_sm_pb&#8220;:&#8220;20&#8220;,&#8220;pix_res_md_pt&#8220;:&#8220;80&#8220;,&#8220;pix_res_md_pb&#8220;:&#8220;20&#8220;}&#8221; css=&#8221;.vc_custom_1647978164651{padding-top: 140px !important;padding-bottom: 40px !important;}&#8221; el_id=&#8221;pix_section_features&#8221;][vc_row full_width=&#8221;stretch_row&#8221; pix_particles_check=&#8221;&#8221; css=&#8221;.vc_custom_1636590535764{padding-bottom: 40px !important;}&#8221;][vc_column content_align=&#8221;text-center&#8221;][\/vc_column][\/vc_row][\/vc_section][vc_section full_width=&#8221;stretch_row&#8221; pix_over_visibility=&#8221;&#8221; responsive_css=&#8221;{&#8220;pix_res_sm_pt&#8220;:&#8220;40&#8220;,&#8220;pix_res_sm_pb&#8220;:&#8220;60&#8220;,&#8220;pix_res_md_pt&#8220;:&#8220;60&#8220;,&#8220;pix_res_md_pb&#8220;:&#8220;80&#8220;}&#8221; css=&#8221;.vc_custom_1647978086851{padding-top: 80px !important;padding-bottom: 120px !important;background-color: #ffffff !important;}&#8221;][vc_row full_width=&#8221;stretch_row&#8221; content_placement=&#8221;middle&#8221; pix_particles_check=&#8221;&#8221;][vc_column width=&#8221;1\/3&#8243; css=&#8221;.vc_custom_1636579648665{padding-right: 20px !important;padding-left: 20px !important;}&#8221; offset=&#8221;vc_col-md-offset-2&#8243;][\/vc_column][vc_column width=&#8221;1\/3&#8243;][\/vc_column][\/vc_row][vc_row full_width=&#8221;stretch_row&#8221; pix_particles_check=&#8221;&#8221;][vc_column content_align=&#8221;text-center&#8221;][\/vc_column][\/vc_row][\/vc_section]","og_url":"https:\/\/gunesanaokulu.com.tr\/index.php\/sample-page\/","og_site_name":"G\u00fcne\u015f Anaokulu","article_publisher":"https:\/\/facebook.com\/gunesanaokulu","article_modified_time":"2026-02-04T13:19:18+00:00","twitter_card":"summary_large_image","twitter_site":"@gunes_anaokulu","twitter_misc":{"Tahmini okuma s\u00fcresi":"3 dakika"},"schema":{"@context":"https:\/\/schema.org","@graph":[{"@type":"WebPage","@id":"https:\/\/gunesanaokulu.com.tr\/index.php\/sample-page\/","url":"https:\/\/gunesanaokulu.com.tr\/index.php\/sample-page\/","name":"Hakk\u0131m\u0131zda - G\u00fcne\u015f Anaokulu","isPartOf":{"@id":"https:\/\/gunesanaokulu.com.tr\/#website"},"datePublished":"2026-01-26T17:27:52+00:00","dateModified":"2026-02-04T13:19:18+00:00","breadcrumb":{"@id":"https:\/\/gunesanaokulu.com.tr\/index.php\/sample-page\/#breadcrumb"},"inLanguage":"tr","potentialAction":[{"@type":"ReadAction","target":["https:\/\/gunesanaokulu.com.tr\/index.php\/sample-page\/"]}]},{"@type":"BreadcrumbList","@id":"https:\/\/gunesanaokulu.com.tr\/index.php\/sample-page\/#breadcrumb","itemListElement":[{"@type":"ListItem","position":1,"name":"Anasayfa","item":"https:\/\/gunesanaokulu.com.tr\/"},{"@type":"ListItem","position":2,"name":"Hakk\u0131m\u0131zda"}]},{"@type":"WebSite","@id":"https:\/\/gunesanaokulu.com.tr\/#website","url":"https:\/\/gunesanaokulu.com.tr\/","name":"G\u00fcne\u015f Anaokulu","description":"E\u011fitime G\u00fcne\u015f Gibi S\u0131cac\u0131k Bir Ba\u015flang\u0131\u00e7","publisher":{"@id":"https:\/\/gunesanaokulu.com.tr\/#organization"},"potentialAction":[{"@type":"SearchAction","target":{"@type":"EntryPoint","urlTemplate":"https:\/\/gunesanaokulu.com.tr\/?s={search_term_string}"},"query-input":{"@type":"PropertyValueSpecification","valueRequired":true,"valueName":"search_term_string"}}],"inLanguage":"tr"},{"@type":"Organization","@id":"https:\/\/gunesanaokulu.com.tr\/#organization","name":"G\u00fcne\u015f Anaokulu","url":"https:\/\/gunesanaokulu.com.tr\/","logo":{"@type":"ImageObject","inLanguage":"tr","@id":"https:\/\/gunesanaokulu.com.tr\/#\/schema\/logo\/image\/","url":"https:\/\/gunesanaokulu.com.tr\/wp-content\/uploads\/2026\/02\/gunes-anaokulu-logo-7000x5200px-scaled.png","contentUrl":"https:\/\/gunesanaokulu.com.tr\/wp-content\/uploads\/2026\/02\/gunes-anaokulu-logo-7000x5200px-scaled.png","width":2560,"height":1920,"caption":"G\u00fcne\u015f Anaokulu"},"image":{"@id":"https:\/\/gunesanaokulu.com.tr\/#\/schema\/logo\/image\/"},"sameAs":["https:\/\/facebook.com\/gunesanaokulu","https:\/\/x.com\/gunes_anaokulu","https:\/\/instagram.com\/gunesanaokuluankara"]}]}},"_links":{"self":[{"href":"https:\/\/gunesanaokulu.com.tr\/index.php\/wp-json\/wp\/v2\/pages\/14320","targetHints":{"allow":["GET"]}}],"collection":[{"href":"https:\/\/gunesanaokulu.com.tr\/index.php\/wp-json\/wp\/v2\/pages"}],"about":[{"href":"https:\/\/gunesanaokulu.com.tr\/index.php\/wp-json\/wp\/v2\/types\/page"}],"author":[{"embeddable":true,"href":"https:\/\/gunesanaokulu.com.tr\/index.php\/wp-json\/wp\/v2\/users\/1"}],"replies":[{"embeddable":true,"href":"https:\/\/gunesanaokulu.com.tr\/index.php\/wp-json\/wp\/v2\/comments?post=14320"}],"version-history":[{"count":12,"href":"https:\/\/gunesanaokulu.com.tr\/index.php\/wp-json\/wp\/v2\/pages\/14320\/revisions"}],"predecessor-version":[{"id":14695,"href":"https:\/\/gunesanaokulu.com.tr\/index.php\/wp-json\/wp\/v2\/pages\/14320\/revisions\/14695"}],"wp:attachment":[{"href":"https:\/\/gunesanaokulu.com.tr\/index.php\/wp-json\/wp\/v2\/media?parent=14320"}],"curies":[{"name":"wp","href":"https:\/\/api.w.org\/{rel}","templated":true}]}}