{"id":14586,"date":"2026-01-30T16:30:19","date_gmt":"2026-01-30T16:30:19","guid":{"rendered":"https:\/\/gunesanaokulu.com.tr\/?page_id=14586"},"modified":"2026-02-04T10:08:24","modified_gmt":"2026-02-04T10:08:24","slug":"iletisim-formu","status":"publish","type":"page","link":"https:\/\/gunesanaokulu.com.tr\/index.php\/iletisim-formu\/","title":{"rendered":"\u0130leti\u015fim Formu"},"content":{"rendered":"<style id=\"wpforms-css-vars-14584-block-b3978741-5b11-499d-b001-a8f7ab943a31\">\n\t\t\t\t#wpforms-14584.wpforms-block-b3978741-5b11-499d-b001-a8f7ab943a31 {\n\t\t\t\t--wpforms-field-size-input-height: 43px;\n--wpforms-field-size-input-spacing: 15px;\n--wpforms-field-size-font-size: 16px;\n--wpforms-field-size-line-height: 19px;\n--wpforms-field-size-padding-h: 14px;\n--wpforms-field-size-checkbox-size: 16px;\n--wpforms-field-size-sublabel-spacing: 5px;\n--wpforms-field-size-icon-size: 1;\n--wpforms-label-size-font-size: 16px;\n--wpforms-label-size-line-height: 19px;\n--wpforms-label-size-sublabel-font-size: 14px;\n--wpforms-label-size-sublabel-line-height: 17px;\n--wpforms-button-size-font-size: 17px;\n--wpforms-button-size-height: 41px;\n--wpforms-button-size-padding-h: 15px;\n--wpforms-button-size-margin-top: 10px;\n\t\t\t}\n\t\t\t<\/style><div class=\"wpforms-container wpforms-container-full wpforms-block wpforms-block-b3978741-5b11-499d-b001-a8f7ab943a31 wpforms-render-modern\" id=\"wpforms-14584\"><form id=\"wpforms-form-14584\" class=\"wpforms-validate wpforms-form wpforms-ajax-form\" data-formid=\"14584\" method=\"post\" enctype=\"multipart\/form-data\" action=\"\/index.php\/wp-json\/wp\/v2\/pages\/14586\" data-token=\"cfd96c69b818834f9b3701070e09c856\" data-token-time=\"1775505377\"><noscript class=\"wpforms-error-noscript\">Bu formu bitirebilmek i\u00e7in taray\u0131c\u0131n\u0131zda JavaScript&#039;i etkinle\u015ftirin.<\/noscript><div id=\"wpforms-error-noscript\" style=\"display: none;\">Bu formu bitirebilmek i\u00e7in taray\u0131c\u0131n\u0131zda JavaScript&#039;i etkinle\u015ftirin.<\/div><div class=\"wpforms-field-container\"><div id=\"wpforms-14584-field_1-container\" class=\"wpforms-field wpforms-field-name\" data-field-id=\"1\"><fieldset><legend class=\"wpforms-field-label\">Ad\u0131 Soyad\u0131 <span class=\"wpforms-required-label\" aria-hidden=\"true\">*<\/span><\/legend><div class=\"wpforms-field-row wpforms-field-medium\"><div class=\"wpforms-field-row-block wpforms-first wpforms-one-half\"><input type=\"text\" id=\"wpforms-14584-field_1\" class=\"wpforms-field-name-first wpforms-field-required\" name=\"wpforms[fields][1][first]\" aria-errormessage=\"wpforms-14584-field_1-error\" required><label for=\"wpforms-14584-field_1\" class=\"wpforms-field-sublabel after\">Ad<\/label><\/div><div class=\"wpforms-field-row-block wpforms-one-half\"><input type=\"text\" id=\"wpforms-14584-field_1-last\" class=\"wpforms-field-name-last wpforms-field-required\" name=\"wpforms[fields][1][last]\" aria-errormessage=\"wpforms-14584-field_1-last-error\" required><label for=\"wpforms-14584-field_1-last\" class=\"wpforms-field-sublabel after\">Soyad<\/label><\/div><\/div><\/fieldset><\/div><div id=\"wpforms-14584-field_2-container\" class=\"wpforms-field wpforms-field-email\" data-field-id=\"2\"><label class=\"wpforms-field-label\" for=\"wpforms-14584-field_2\">E-posta <span class=\"wpforms-required-label\" aria-hidden=\"true\">*<\/span><\/label><input type=\"email\" id=\"wpforms-14584-field_2\" class=\"wpforms-field-medium wpforms-field-required\" name=\"wpforms[fields][2]\" spellcheck=\"false\" aria-errormessage=\"wpforms-14584-field_2-error\" required><\/div>\t\t<div id=\"wpforms-14584-field_4-container\"\n\t\t\tclass=\"wpforms-field wpforms-field-text\"\n\t\t\tdata-field-type=\"text\"\n\t\t\tdata-field-id=\"4\"\n\t\t\t>\n\t\t\t<label class=\"wpforms-field-label\" for=\"wpforms-14584-field_4\" >veya Ad\u0131 Yorum<\/label>\n\t\t\t<input type=\"text\" id=\"wpforms-14584-field_4\" class=\"wpforms-field-medium\" name=\"wpforms[fields][4]\" >\n\t\t<\/div>\n\t\t<div id=\"wpforms-14584-field_3-container\" class=\"wpforms-field wpforms-field-textarea\" data-field-id=\"3\"><label class=\"wpforms-field-label\" for=\"wpforms-14584-field_3\">Yorum veya Mesaj<\/label><textarea id=\"wpforms-14584-field_3\" class=\"wpforms-field-medium\" name=\"wpforms[fields][3]\" aria-errormessage=\"wpforms-14584-field_3-error\" ><\/textarea><\/div><script>\n\t\t\t\t( function() {\n\t\t\t\t\tconst style = document.createElement( 'style' );\n\t\t\t\t\tstyle.appendChild( document.createTextNode( '#wpforms-14584-field_4-container { position: absolute !important; overflow: hidden !important; display: inline !important; height: 1px !important; width: 1px !important; z-index: -1000 !important; padding: 0 !important; } #wpforms-14584-field_4-container input { visibility: hidden; } #wpforms-conversational-form-page #wpforms-14584-field_4-container label { counter-increment: none; }' ) );\n\t\t\t\t\tdocument.head.appendChild( style );\n\t\t\t\t\tdocument.currentScript?.remove();\n\t\t\t\t} )();\n\t\t\t<\/script><\/div><!-- .wpforms-field-container --><div class=\"wpforms-submit-container\" ><input type=\"hidden\" name=\"wpforms[id]\" value=\"14584\"><input type=\"hidden\" name=\"page_title\" value=\"\"><input type=\"hidden\" name=\"page_url\" value=\"https:\/\/gunesanaokulu.com.tr\/index.php\/wp-json\/wp\/v2\/pages\/14586\"><input type=\"hidden\" name=\"url_referer\" value=\"\"><button type=\"submit\" name=\"wpforms[submit]\" id=\"wpforms-submit-14584\" class=\"wpforms-submit\" data-alt-text=\"G\u00f6nderiliyor...\" data-submit-text=\"G\u00f6nder\" aria-live=\"assertive\" value=\"wpforms-submit\">G\u00f6nder<\/button><img decoding=\"async\" src=\"https:\/\/gunesanaokulu.com.tr\/wp-content\/plugins\/wpforms-lite\/assets\/images\/submit-spin.svg\" class=\"wpforms-submit-spinner\" style=\"display: none;\" width=\"26\" height=\"26\" alt=\"Y\u00fckleniyor\"><\/div><\/form><\/div>  <!-- .wpforms-container -->","protected":false},"excerpt":{"rendered":"","protected":false},"author":1,"featured_media":0,"parent":0,"menu_order":0,"comment_status":"closed","ping_status":"closed","template":"","meta":{"footnotes":""},"class_list":["post-14586","page","type-page","status-publish","hentry"],"yoast_head":"<!-- This site is optimized with the Yoast SEO plugin v27.3 - https:\/\/yoast.com\/product\/yoast-seo-wordpress\/ -->\n<title>\u0130leti\u015fim Formu - G\u00fcne\u015f Anaokulu<\/title>\n<meta name=\"robots\" content=\"index, follow, max-snippet:-1, max-image-preview:large, max-video-preview:-1\" \/>\n<link rel=\"canonical\" href=\"https:\/\/gunesanaokulu.com.tr\/index.php\/iletisim-formu\/\" \/>\n<meta property=\"og:locale\" content=\"tr_TR\" \/>\n<meta property=\"og:type\" content=\"article\" \/>\n<meta property=\"og:title\" content=\"\u0130leti\u015fim Formu - G\u00fcne\u015f Anaokulu\" \/>\n<meta property=\"og:url\" content=\"https:\/\/gunesanaokulu.com.tr\/index.php\/iletisim-formu\/\" \/>\n<meta property=\"og:site_name\" content=\"G\u00fcne\u015f Anaokulu\" \/>\n<meta property=\"article:publisher\" content=\"https:\/\/facebook.com\/gunesanaokulu\" \/>\n<meta property=\"article:modified_time\" content=\"2026-02-04T10:08:24+00:00\" \/>\n<meta name=\"twitter:card\" content=\"summary_large_image\" \/>\n<meta name=\"twitter:site\" content=\"@gunes_anaokulu\" \/>\n<script type=\"application\/ld+json\" class=\"yoast-schema-graph\">{\"@context\":\"https:\\\/\\\/schema.org\",\"@graph\":[{\"@type\":\"WebPage\",\"@id\":\"https:\\\/\\\/gunesanaokulu.com.tr\\\/index.php\\\/iletisim-formu\\\/\",\"url\":\"https:\\\/\\\/gunesanaokulu.com.tr\\\/index.php\\\/iletisim-formu\\\/\",\"name\":\"\u0130leti\u015fim Formu - G\u00fcne\u015f Anaokulu\",\"isPartOf\":{\"@id\":\"https:\\\/\\\/gunesanaokulu.com.tr\\\/#website\"},\"datePublished\":\"2026-01-30T16:30:19+00:00\",\"dateModified\":\"2026-02-04T10:08:24+00:00\",\"breadcrumb\":{\"@id\":\"https:\\\/\\\/gunesanaokulu.com.tr\\\/index.php\\\/iletisim-formu\\\/#breadcrumb\"},\"inLanguage\":\"tr\",\"potentialAction\":[{\"@type\":\"ReadAction\",\"target\":[\"https:\\\/\\\/gunesanaokulu.com.tr\\\/index.php\\\/iletisim-formu\\\/\"]}]},{\"@type\":\"BreadcrumbList\",\"@id\":\"https:\\\/\\\/gunesanaokulu.com.tr\\\/index.php\\\/iletisim-formu\\\/#breadcrumb\",\"itemListElement\":[{\"@type\":\"ListItem\",\"position\":1,\"name\":\"Anasayfa\",\"item\":\"https:\\\/\\\/gunesanaokulu.com.tr\\\/\"},{\"@type\":\"ListItem\",\"position\":2,\"name\":\"\u0130leti\u015fim Formu\"}]},{\"@type\":\"WebSite\",\"@id\":\"https:\\\/\\\/gunesanaokulu.com.tr\\\/#website\",\"url\":\"https:\\\/\\\/gunesanaokulu.com.tr\\\/\",\"name\":\"G\u00fcne\u015f Anaokulu\",\"description\":\"E\u011fitime G\u00fcne\u015f Gibi S\u0131cac\u0131k Bir Ba\u015flang\u0131\u00e7\",\"publisher\":{\"@id\":\"https:\\\/\\\/gunesanaokulu.com.tr\\\/#organization\"},\"potentialAction\":[{\"@type\":\"SearchAction\",\"target\":{\"@type\":\"EntryPoint\",\"urlTemplate\":\"https:\\\/\\\/gunesanaokulu.com.tr\\\/?s={search_term_string}\"},\"query-input\":{\"@type\":\"PropertyValueSpecification\",\"valueRequired\":true,\"valueName\":\"search_term_string\"}}],\"inLanguage\":\"tr\"},{\"@type\":\"Organization\",\"@id\":\"https:\\\/\\\/gunesanaokulu.com.tr\\\/#organization\",\"name\":\"G\u00fcne\u015f Anaokulu\",\"url\":\"https:\\\/\\\/gunesanaokulu.com.tr\\\/\",\"logo\":{\"@type\":\"ImageObject\",\"inLanguage\":\"tr\",\"@id\":\"https:\\\/\\\/gunesanaokulu.com.tr\\\/#\\\/schema\\\/logo\\\/image\\\/\",\"url\":\"https:\\\/\\\/gunesanaokulu.com.tr\\\/wp-content\\\/uploads\\\/2026\\\/02\\\/gunes-anaokulu-logo-7000x5200px-scaled.png\",\"contentUrl\":\"https:\\\/\\\/gunesanaokulu.com.tr\\\/wp-content\\\/uploads\\\/2026\\\/02\\\/gunes-anaokulu-logo-7000x5200px-scaled.png\",\"width\":2560,\"height\":1920,\"caption\":\"G\u00fcne\u015f Anaokulu\"},\"image\":{\"@id\":\"https:\\\/\\\/gunesanaokulu.com.tr\\\/#\\\/schema\\\/logo\\\/image\\\/\"},\"sameAs\":[\"https:\\\/\\\/facebook.com\\\/gunesanaokulu\",\"https:\\\/\\\/x.com\\\/gunes_anaokulu\",\"https:\\\/\\\/instagram.com\\\/gunesanaokuluankara\"]}]}<\/script>\n<!-- \/ Yoast SEO plugin. -->","yoast_head_json":{"title":"\u0130leti\u015fim Formu - G\u00fcne\u015f Anaokulu","robots":{"index":"index","follow":"follow","max-snippet":"max-snippet:-1","max-image-preview":"max-image-preview:large","max-video-preview":"max-video-preview:-1"},"canonical":"https:\/\/gunesanaokulu.com.tr\/index.php\/iletisim-formu\/","og_locale":"tr_TR","og_type":"article","og_title":"\u0130leti\u015fim Formu - G\u00fcne\u015f Anaokulu","og_url":"https:\/\/gunesanaokulu.com.tr\/index.php\/iletisim-formu\/","og_site_name":"G\u00fcne\u015f Anaokulu","article_publisher":"https:\/\/facebook.com\/gunesanaokulu","article_modified_time":"2026-02-04T10:08:24+00:00","twitter_card":"summary_large_image","twitter_site":"@gunes_anaokulu","schema":{"@context":"https:\/\/schema.org","@graph":[{"@type":"WebPage","@id":"https:\/\/gunesanaokulu.com.tr\/index.php\/iletisim-formu\/","url":"https:\/\/gunesanaokulu.com.tr\/index.php\/iletisim-formu\/","name":"\u0130leti\u015fim Formu - G\u00fcne\u015f Anaokulu","isPartOf":{"@id":"https:\/\/gunesanaokulu.com.tr\/#website"},"datePublished":"2026-01-30T16:30:19+00:00","dateModified":"2026-02-04T10:08:24+00:00","breadcrumb":{"@id":"https:\/\/gunesanaokulu.com.tr\/index.php\/iletisim-formu\/#breadcrumb"},"inLanguage":"tr","potentialAction":[{"@type":"ReadAction","target":["https:\/\/gunesanaokulu.com.tr\/index.php\/iletisim-formu\/"]}]},{"@type":"BreadcrumbList","@id":"https:\/\/gunesanaokulu.com.tr\/index.php\/iletisim-formu\/#breadcrumb","itemListElement":[{"@type":"ListItem","position":1,"name":"Anasayfa","item":"https:\/\/gunesanaokulu.com.tr\/"},{"@type":"ListItem","position":2,"name":"\u0130leti\u015fim Formu"}]},{"@type":"WebSite","@id":"https:\/\/gunesanaokulu.com.tr\/#website","url":"https:\/\/gunesanaokulu.com.tr\/","name":"G\u00fcne\u015f Anaokulu","description":"E\u011fitime G\u00fcne\u015f Gibi S\u0131cac\u0131k Bir Ba\u015flang\u0131\u00e7","publisher":{"@id":"https:\/\/gunesanaokulu.com.tr\/#organization"},"potentialAction":[{"@type":"SearchAction","target":{"@type":"EntryPoint","urlTemplate":"https:\/\/gunesanaokulu.com.tr\/?s={search_term_string}"},"query-input":{"@type":"PropertyValueSpecification","valueRequired":true,"valueName":"search_term_string"}}],"inLanguage":"tr"},{"@type":"Organization","@id":"https:\/\/gunesanaokulu.com.tr\/#organization","name":"G\u00fcne\u015f Anaokulu","url":"https:\/\/gunesanaokulu.com.tr\/","logo":{"@type":"ImageObject","inLanguage":"tr","@id":"https:\/\/gunesanaokulu.com.tr\/#\/schema\/logo\/image\/","url":"https:\/\/gunesanaokulu.com.tr\/wp-content\/uploads\/2026\/02\/gunes-anaokulu-logo-7000x5200px-scaled.png","contentUrl":"https:\/\/gunesanaokulu.com.tr\/wp-content\/uploads\/2026\/02\/gunes-anaokulu-logo-7000x5200px-scaled.png","width":2560,"height":1920,"caption":"G\u00fcne\u015f Anaokulu"},"image":{"@id":"https:\/\/gunesanaokulu.com.tr\/#\/schema\/logo\/image\/"},"sameAs":["https:\/\/facebook.com\/gunesanaokulu","https:\/\/x.com\/gunes_anaokulu","https:\/\/instagram.com\/gunesanaokuluankara"]}]}},"_links":{"self":[{"href":"https:\/\/gunesanaokulu.com.tr\/index.php\/wp-json\/wp\/v2\/pages\/14586","targetHints":{"allow":["GET"]}}],"collection":[{"href":"https:\/\/gunesanaokulu.com.tr\/index.php\/wp-json\/wp\/v2\/pages"}],"about":[{"href":"https:\/\/gunesanaokulu.com.tr\/index.php\/wp-json\/wp\/v2\/types\/page"}],"author":[{"embeddable":true,"href":"https:\/\/gunesanaokulu.com.tr\/index.php\/wp-json\/wp\/v2\/users\/1"}],"replies":[{"embeddable":true,"href":"https:\/\/gunesanaokulu.com.tr\/index.php\/wp-json\/wp\/v2\/comments?post=14586"}],"version-history":[{"count":1,"href":"https:\/\/gunesanaokulu.com.tr\/index.php\/wp-json\/wp\/v2\/pages\/14586\/revisions"}],"predecessor-version":[{"id":14587,"href":"https:\/\/gunesanaokulu.com.tr\/index.php\/wp-json\/wp\/v2\/pages\/14586\/revisions\/14587"}],"wp:attachment":[{"href":"https:\/\/gunesanaokulu.com.tr\/index.php\/wp-json\/wp\/v2\/media?parent=14586"}],"curies":[{"name":"wp","href":"https:\/\/api.w.org\/{rel}","templated":true}]}}