{"id":14653,"date":"2026-02-04T12:08:38","date_gmt":"2026-02-04T12:08:38","guid":{"rendered":"https:\/\/gunesanaokulu.com.tr\/?page_id=14653"},"modified":"2026-02-04T12:21:58","modified_gmt":"2026-02-04T12:21:58","slug":"kesfedengunesler","status":"publish","type":"page","link":"https:\/\/gunesanaokulu.com.tr\/index.php\/kesfedengunesler\/","title":{"rendered":"Ke\u015ffeden G\u00fcne\u015fler"},"content":{"rendered":"<div class=\"wpb-content-wrapper\">[vc_section full_width=&#8221;stretch_row&#8221; video_bg=&#8221;yes&#8221; video_bg_url=&#8221;https:\/\/www.youtube.com\/watch?v=BJ_dPY23dbg&amp;feature=youtu.be&#8221; pix_over_visibility=&#8221;&#8221; bottom_divider_select=&#8221;9&#8243; bottom_layers=&#8221;1&#8243; top_divider_select=&#8221;9&#8243; top_layers=&#8221;1&#8243; pix_overlay_color=&#8221;gradient-primary&#8221; pix_overlay_opacity=&#8221;0.8&#8243; css=&#8221;.vc_custom_1592837958664{padding-top: 80px !important;padding-bottom: 80px !important;}&#8221;][vc_row full_width=&#8221;stretch_row&#8221; pix_particles_check=&#8221;&#8221;][vc_column]<div class=\"card  overflow-hidden row no-gutters flex-column flex-md-row flex-md-row-reverse   vc_custom_1770205849428 shadow-lg  animate-in \" data-anim-delay=\"200\" data-anim-type=\"fade-in-up\"><div class=\"flex-column d-inline-flex position-relative col-md-6\"><img decoding=\"async\" class=\"card-img pix-fit-cover rounded-0 flex-grow-1 h-100\" srcset=\"https:\/\/gunesanaokulu.com.tr\/wp-content\/uploads\/2026\/01\/IMG_1992-300x200.jpg 300w, https:\/\/gunesanaokulu.com.tr\/wp-content\/uploads\/2026\/01\/IMG_1992-1024x683.jpg 1024w, https:\/\/gunesanaokulu.com.tr\/wp-content\/uploads\/2026\/01\/IMG_1992-768x512.jpg 768w, https:\/\/gunesanaokulu.com.tr\/wp-content\/uploads\/2026\/01\/IMG_1992-1536x1024.jpg 1536w, https:\/\/gunesanaokulu.com.tr\/wp-content\/uploads\/2026\/01\/IMG_1992-2048x1365.jpg 2048w\" src=\"https:\/\/gunesanaokulu.com.tr\/wp-content\/uploads\/2026\/01\/IMG_1992-scaled.jpg\" alt=\"\" \/><\/div><div class=\"card-body d-flex2 align-content-between flex-wrap col-md-6 p-lg-5 p-md-5 p-4 \"><div id=\"pix-feature-1770205443449-a18ab49a-88ec\" class=\"pix-feature-el text-left  vc_custom_1770207716411\"><h3 class=\"pix-feature-title  font-weight-bold   text-heading-default \" style=\"padding-top:20px;\"  >Ke\u015ffeden G\u00fcne\u015fler<\/h3><div class=\"pix-feature-content text-body-default      \" style=\"padding-top:20px;\"  >\r\n\r\n3 ya\u015f grubu, merak\u0131n ve ke\u015ffetme iste\u011finin yo\u011funla\u015ft\u0131\u011f\u0131 bir d\u00f6nemdir. G\u00fcne\u015f Anaokulu\u2019nda \u00e7ocuklar\u0131m\u0131z; oyun temelli etkinliklerle payla\u015fmay\u0131, ileti\u015fim kurmay\u0131 ve duygular\u0131n\u0131 ifade etmeyi \u00f6\u011frenirler.\r\nHik\u00e2ye saatleri, \u015fark\u0131lar, drama \u00e7al\u0131\u015fmalar\u0131 ve yarat\u0131c\u0131 sanat etkinlikleriyle dil ve sosyal geli\u015fimleri desteklenirken; \u00e7ocuklar\u0131m\u0131z \u00f6\u011frenmeyi keyifli bir yolculuk olarak deneyimler.<\/div><\/div><\/div><\/div>\n[\/vc_column][\/vc_row][\/vc_section]<\/div>","protected":false},"excerpt":{"rendered":"[vc_section full_width=&#8221;stretch_row&#8221; video_bg=&#8221;yes&#8221; video_bg_url=&#8221;https:\/\/www.youtube.com\/watch?v=BJ_dPY23dbg&amp;feature=youtu.be&#8221; pix_over_visibility=&#8221;&#8221; bottom_divider_select=&#8221;9&#8243; bottom_layers=&#8221;1&#8243; top_divider_select=&#8221;9&#8243; top_layers=&#8221;1&#8243; pix_overlay_color=&#8221;gradient-primary&#8221; pix_overlay_opacity=&#8221;0.8&#8243; css=&#8221;.vc_custom_1592837958664{padding-top: 80px !important;padding-bottom: 80px !important;}&#8221;][vc_row full_width=&#8221;stretch_row&#8221; pix_particles_check=&#8221;&#8221;][vc_column][\/vc_column][\/vc_row][\/vc_section]","protected":false},"author":1,"featured_media":0,"parent":0,"menu_order":0,"comment_status":"closed","ping_status":"open","template":"","meta":{"footnotes":""},"class_list":["post-14653","page","type-page","status-publish","hentry"],"yoast_head":"<!-- This site is optimized with the Yoast SEO plugin v27.3 - https:\/\/yoast.com\/product\/yoast-seo-wordpress\/ -->\n<title>Ke\u015ffeden G\u00fcne\u015fler - G\u00fcne\u015f Anaokulu<\/title>\n<meta name=\"robots\" content=\"index, follow, max-snippet:-1, max-image-preview:large, max-video-preview:-1\" \/>\n<link rel=\"canonical\" href=\"https:\/\/gunesanaokulu.com.tr\/index.php\/kesfedengunesler\/\" \/>\n<meta property=\"og:locale\" content=\"tr_TR\" \/>\n<meta property=\"og:type\" content=\"article\" \/>\n<meta property=\"og:title\" content=\"Ke\u015ffeden G\u00fcne\u015fler - G\u00fcne\u015f Anaokulu\" \/>\n<meta property=\"og:description\" content=\"[vc_section full_width=&#8221;stretch_row&#8221; video_bg=&#8221;yes&#8221; video_bg_url=&#8221;https:\/\/www.youtube.com\/watch?v=BJ_dPY23dbg&amp;feature=youtu.be&#8221; pix_over_visibility=&#8221;&#8221; bottom_divider_select=&#8221;9&#8243; bottom_layers=&#8221;1&#8243; top_divider_select=&#8221;9&#8243; top_layers=&#8221;1&#8243; pix_overlay_color=&#8221;gradient-primary&#8221; pix_overlay_opacity=&#8221;0.8&#8243; css=&#8221;.vc_custom_1592837958664{padding-top: 80px !important;padding-bottom: 80px !important;}&#8221;][vc_row full_width=&#8221;stretch_row&#8221; pix_particles_check=&#8221;&#8221;][vc_column][\/vc_column][\/vc_row][\/vc_section]\" \/>\n<meta property=\"og:url\" content=\"https:\/\/gunesanaokulu.com.tr\/index.php\/kesfedengunesler\/\" \/>\n<meta property=\"og:site_name\" content=\"G\u00fcne\u015f Anaokulu\" \/>\n<meta property=\"article:publisher\" content=\"https:\/\/facebook.com\/gunesanaokulu\" \/>\n<meta property=\"article:modified_time\" content=\"2026-02-04T12:21:58+00:00\" \/>\n<meta name=\"twitter:card\" content=\"summary_large_image\" \/>\n<meta name=\"twitter:site\" content=\"@gunes_anaokulu\" \/>\n<meta name=\"twitter:label1\" content=\"Tahmini okuma s\u00fcresi\" \/>\n\t<meta name=\"twitter:data1\" content=\"1 dakika\" \/>\n<script type=\"application\/ld+json\" class=\"yoast-schema-graph\">{\"@context\":\"https:\\\/\\\/schema.org\",\"@graph\":[{\"@type\":\"WebPage\",\"@id\":\"https:\\\/\\\/gunesanaokulu.com.tr\\\/index.php\\\/kesfedengunesler\\\/\",\"url\":\"https:\\\/\\\/gunesanaokulu.com.tr\\\/index.php\\\/kesfedengunesler\\\/\",\"name\":\"Ke\u015ffeden G\u00fcne\u015fler - G\u00fcne\u015f Anaokulu\",\"isPartOf\":{\"@id\":\"https:\\\/\\\/gunesanaokulu.com.tr\\\/#website\"},\"datePublished\":\"2026-02-04T12:08:38+00:00\",\"dateModified\":\"2026-02-04T12:21:58+00:00\",\"breadcrumb\":{\"@id\":\"https:\\\/\\\/gunesanaokulu.com.tr\\\/index.php\\\/kesfedengunesler\\\/#breadcrumb\"},\"inLanguage\":\"tr\",\"potentialAction\":[{\"@type\":\"ReadAction\",\"target\":[\"https:\\\/\\\/gunesanaokulu.com.tr\\\/index.php\\\/kesfedengunesler\\\/\"]}]},{\"@type\":\"BreadcrumbList\",\"@id\":\"https:\\\/\\\/gunesanaokulu.com.tr\\\/index.php\\\/kesfedengunesler\\\/#breadcrumb\",\"itemListElement\":[{\"@type\":\"ListItem\",\"position\":1,\"name\":\"Anasayfa\",\"item\":\"https:\\\/\\\/gunesanaokulu.com.tr\\\/\"},{\"@type\":\"ListItem\",\"position\":2,\"name\":\"Ke\u015ffeden G\u00fcne\u015fler\"}]},{\"@type\":\"WebSite\",\"@id\":\"https:\\\/\\\/gunesanaokulu.com.tr\\\/#website\",\"url\":\"https:\\\/\\\/gunesanaokulu.com.tr\\\/\",\"name\":\"G\u00fcne\u015f Anaokulu\",\"description\":\"E\u011fitime G\u00fcne\u015f Gibi S\u0131cac\u0131k Bir Ba\u015flang\u0131\u00e7\",\"publisher\":{\"@id\":\"https:\\\/\\\/gunesanaokulu.com.tr\\\/#organization\"},\"potentialAction\":[{\"@type\":\"SearchAction\",\"target\":{\"@type\":\"EntryPoint\",\"urlTemplate\":\"https:\\\/\\\/gunesanaokulu.com.tr\\\/?s={search_term_string}\"},\"query-input\":{\"@type\":\"PropertyValueSpecification\",\"valueRequired\":true,\"valueName\":\"search_term_string\"}}],\"inLanguage\":\"tr\"},{\"@type\":\"Organization\",\"@id\":\"https:\\\/\\\/gunesanaokulu.com.tr\\\/#organization\",\"name\":\"G\u00fcne\u015f Anaokulu\",\"url\":\"https:\\\/\\\/gunesanaokulu.com.tr\\\/\",\"logo\":{\"@type\":\"ImageObject\",\"inLanguage\":\"tr\",\"@id\":\"https:\\\/\\\/gunesanaokulu.com.tr\\\/#\\\/schema\\\/logo\\\/image\\\/\",\"url\":\"https:\\\/\\\/gunesanaokulu.com.tr\\\/wp-content\\\/uploads\\\/2026\\\/02\\\/gunes-anaokulu-logo-7000x5200px-scaled.png\",\"contentUrl\":\"https:\\\/\\\/gunesanaokulu.com.tr\\\/wp-content\\\/uploads\\\/2026\\\/02\\\/gunes-anaokulu-logo-7000x5200px-scaled.png\",\"width\":2560,\"height\":1920,\"caption\":\"G\u00fcne\u015f Anaokulu\"},\"image\":{\"@id\":\"https:\\\/\\\/gunesanaokulu.com.tr\\\/#\\\/schema\\\/logo\\\/image\\\/\"},\"sameAs\":[\"https:\\\/\\\/facebook.com\\\/gunesanaokulu\",\"https:\\\/\\\/x.com\\\/gunes_anaokulu\",\"https:\\\/\\\/instagram.com\\\/gunesanaokuluankara\"]}]}<\/script>\n<!-- \/ Yoast SEO plugin. -->","yoast_head_json":{"title":"Ke\u015ffeden G\u00fcne\u015fler - G\u00fcne\u015f Anaokulu","robots":{"index":"index","follow":"follow","max-snippet":"max-snippet:-1","max-image-preview":"max-image-preview:large","max-video-preview":"max-video-preview:-1"},"canonical":"https:\/\/gunesanaokulu.com.tr\/index.php\/kesfedengunesler\/","og_locale":"tr_TR","og_type":"article","og_title":"Ke\u015ffeden G\u00fcne\u015fler - G\u00fcne\u015f Anaokulu","og_description":"[vc_section full_width=&#8221;stretch_row&#8221; video_bg=&#8221;yes&#8221; video_bg_url=&#8221;https:\/\/www.youtube.com\/watch?v=BJ_dPY23dbg&amp;feature=youtu.be&#8221; pix_over_visibility=&#8221;&#8221; bottom_divider_select=&#8221;9&#8243; bottom_layers=&#8221;1&#8243; top_divider_select=&#8221;9&#8243; top_layers=&#8221;1&#8243; pix_overlay_color=&#8221;gradient-primary&#8221; pix_overlay_opacity=&#8221;0.8&#8243; css=&#8221;.vc_custom_1592837958664{padding-top: 80px !important;padding-bottom: 80px !important;}&#8221;][vc_row full_width=&#8221;stretch_row&#8221; pix_particles_check=&#8221;&#8221;][vc_column][\/vc_column][\/vc_row][\/vc_section]","og_url":"https:\/\/gunesanaokulu.com.tr\/index.php\/kesfedengunesler\/","og_site_name":"G\u00fcne\u015f Anaokulu","article_publisher":"https:\/\/facebook.com\/gunesanaokulu","article_modified_time":"2026-02-04T12:21:58+00:00","twitter_card":"summary_large_image","twitter_site":"@gunes_anaokulu","twitter_misc":{"Tahmini okuma s\u00fcresi":"1 dakika"},"schema":{"@context":"https:\/\/schema.org","@graph":[{"@type":"WebPage","@id":"https:\/\/gunesanaokulu.com.tr\/index.php\/kesfedengunesler\/","url":"https:\/\/gunesanaokulu.com.tr\/index.php\/kesfedengunesler\/","name":"Ke\u015ffeden G\u00fcne\u015fler - G\u00fcne\u015f Anaokulu","isPartOf":{"@id":"https:\/\/gunesanaokulu.com.tr\/#website"},"datePublished":"2026-02-04T12:08:38+00:00","dateModified":"2026-02-04T12:21:58+00:00","breadcrumb":{"@id":"https:\/\/gunesanaokulu.com.tr\/index.php\/kesfedengunesler\/#breadcrumb"},"inLanguage":"tr","potentialAction":[{"@type":"ReadAction","target":["https:\/\/gunesanaokulu.com.tr\/index.php\/kesfedengunesler\/"]}]},{"@type":"BreadcrumbList","@id":"https:\/\/gunesanaokulu.com.tr\/index.php\/kesfedengunesler\/#breadcrumb","itemListElement":[{"@type":"ListItem","position":1,"name":"Anasayfa","item":"https:\/\/gunesanaokulu.com.tr\/"},{"@type":"ListItem","position":2,"name":"Ke\u015ffeden G\u00fcne\u015fler"}]},{"@type":"WebSite","@id":"https:\/\/gunesanaokulu.com.tr\/#website","url":"https:\/\/gunesanaokulu.com.tr\/","name":"G\u00fcne\u015f Anaokulu","description":"E\u011fitime G\u00fcne\u015f Gibi S\u0131cac\u0131k Bir Ba\u015flang\u0131\u00e7","publisher":{"@id":"https:\/\/gunesanaokulu.com.tr\/#organization"},"potentialAction":[{"@type":"SearchAction","target":{"@type":"EntryPoint","urlTemplate":"https:\/\/gunesanaokulu.com.tr\/?s={search_term_string}"},"query-input":{"@type":"PropertyValueSpecification","valueRequired":true,"valueName":"search_term_string"}}],"inLanguage":"tr"},{"@type":"Organization","@id":"https:\/\/gunesanaokulu.com.tr\/#organization","name":"G\u00fcne\u015f Anaokulu","url":"https:\/\/gunesanaokulu.com.tr\/","logo":{"@type":"ImageObject","inLanguage":"tr","@id":"https:\/\/gunesanaokulu.com.tr\/#\/schema\/logo\/image\/","url":"https:\/\/gunesanaokulu.com.tr\/wp-content\/uploads\/2026\/02\/gunes-anaokulu-logo-7000x5200px-scaled.png","contentUrl":"https:\/\/gunesanaokulu.com.tr\/wp-content\/uploads\/2026\/02\/gunes-anaokulu-logo-7000x5200px-scaled.png","width":2560,"height":1920,"caption":"G\u00fcne\u015f Anaokulu"},"image":{"@id":"https:\/\/gunesanaokulu.com.tr\/#\/schema\/logo\/image\/"},"sameAs":["https:\/\/facebook.com\/gunesanaokulu","https:\/\/x.com\/gunes_anaokulu","https:\/\/instagram.com\/gunesanaokuluankara"]}]}},"_links":{"self":[{"href":"https:\/\/gunesanaokulu.com.tr\/index.php\/wp-json\/wp\/v2\/pages\/14653","targetHints":{"allow":["GET"]}}],"collection":[{"href":"https:\/\/gunesanaokulu.com.tr\/index.php\/wp-json\/wp\/v2\/pages"}],"about":[{"href":"https:\/\/gunesanaokulu.com.tr\/index.php\/wp-json\/wp\/v2\/types\/page"}],"author":[{"embeddable":true,"href":"https:\/\/gunesanaokulu.com.tr\/index.php\/wp-json\/wp\/v2\/users\/1"}],"replies":[{"embeddable":true,"href":"https:\/\/gunesanaokulu.com.tr\/index.php\/wp-json\/wp\/v2\/comments?post=14653"}],"version-history":[{"count":4,"href":"https:\/\/gunesanaokulu.com.tr\/index.php\/wp-json\/wp\/v2\/pages\/14653\/revisions"}],"predecessor-version":[{"id":14671,"href":"https:\/\/gunesanaokulu.com.tr\/index.php\/wp-json\/wp\/v2\/pages\/14653\/revisions\/14671"}],"wp:attachment":[{"href":"https:\/\/gunesanaokulu.com.tr\/index.php\/wp-json\/wp\/v2\/media?parent=14653"}],"curies":[{"name":"wp","href":"https:\/\/api.w.org\/{rel}","templated":true}]}}