{"id":14679,"date":"2026-02-04T13:17:20","date_gmt":"2026-02-04T13:17:20","guid":{"rendered":"https:\/\/gunesanaokulu.com.tr\/?page_id=14679"},"modified":"2026-02-04T13:17:20","modified_gmt":"2026-02-04T13:17:20","slug":"vizyonumuz","status":"publish","type":"page","link":"https:\/\/gunesanaokulu.com.tr\/index.php\/vizyonumuz\/","title":{"rendered":"Vizyonumuz"},"content":{"rendered":"<div class=\"wpb-content-wrapper\">[vc_section full_width=&#8221;stretch_row&#8221; pix_over_visibility=&#8221;&#8221; responsive_css=&#8221;{&#8220;pix_res_sm_pt&#8220;:&#8220;60&#8220;,&#8220;pix_res_sm_pb&#8220;:&#8220;20&#8220;,&#8220;pix_res_md_pt&#8220;:&#8220;80&#8220;,&#8220;pix_res_md_pb&#8220;:&#8220;20&#8220;}&#8221; css=&#8221;.vc_custom_1647978164651{padding-top: 140px !important;padding-bottom: 40px !important;}&#8221; el_id=&#8221;pix_section_features&#8221;][vc_row full_width=&#8221;stretch_row&#8221; pix_particles_check=&#8221;&#8221; css=&#8221;.vc_custom_1636590535764{padding-bottom: 40px !important;}&#8221;][vc_column content_align=&#8221;text-center&#8221;]<div  class=\"pix-heading-el text-center  vc_custom_1770211002630\"><div class=\"d-inline-block\" style=\"max-width:800px;\"><h2 class=\"font-weight-bold display-3 h2 animate-in heading-text el-title_custom_color mb-12\" style=\"color:#1E73BE !important;\" data-anim-type=\"fade-in-up\" data-anim-delay=\"100\">Vizyonumuz<\/h2><\/div><\/div><div class=\"pix-el-text w-100 text-center  vc_custom_1770210409424\" ><div class=\"d-inline-block\" style=\"max-width:550px;\"><p class=\"text-20  text-body-default text-center \" ><span class=\"text-body-default animate-in d-inline-block\" data-anim-delay=\"150\" data-anim-type=\"fade-in-up\">G\u00fcne\u015f Anaokulu olarak her \u00e7ocu\u011fun i\u00e7inde ke\u015ffedilmeyi bekleyen bir \u0131\u015f\u0131k oldu\u011funa inan\u0131yoruz. Amac\u0131m\u0131z; \u00e7ocuklar\u0131m\u0131z\u0131n kendilerini g\u00fcvende hissettikleri, merak ettikleri, soru sorduklar\u0131 ve \u00f6\u011frenmekten keyif ald\u0131klar\u0131 bir e\u011fitim ortam\u0131 sunmakt\u0131r.\r\nOyun temelli, sevgi dolu ve \u00e7ocuk merkezli yakla\u015f\u0131m\u0131m\u0131zla; her \u00e7ocu\u011fun bireysel geli\u015fim h\u0131z\u0131na sayg\u0131 duyar, onlar\u0131n sosyal, duygusal ve akademik geli\u015fimlerini b\u00fct\u00fcnc\u00fcl bir anlay\u0131\u015fla destekleriz. G\u00fcne\u015f Anaokulu\u2019nda \u00e7ocuklar sadece \u00f6\u011frenmez, mutlu b\u00fcy\u00fcr.<\/span><\/p><\/div><\/div>[\/vc_column][\/vc_row][\/vc_section][vc_section full_width=&#8221;stretch_row&#8221; pix_over_visibility=&#8221;&#8221; responsive_css=&#8221;{&#8220;pix_res_sm_pt&#8220;:&#8220;40&#8220;,&#8220;pix_res_sm_pb&#8220;:&#8220;60&#8220;,&#8220;pix_res_md_pt&#8220;:&#8220;60&#8220;,&#8220;pix_res_md_pb&#8220;:&#8220;80&#8220;}&#8221; css=&#8221;.vc_custom_1647978086851{padding-top: 80px !important;padding-bottom: 120px !important;background-color: #ffffff !important;}&#8221;][vc_row full_width=&#8221;stretch_row&#8221; pix_particles_check=&#8221;&#8221;][vc_column content_align=&#8221;text-center&#8221;]<div  class=\"pix-heading-el text-center  vc_custom_1770211025708\"><div class=\"d-inline-block\" style=\"max-width:800px;\"><h2 class=\"font-weight-bold display-3 h2 animate-in heading-text el-title_custom_color mb-12\" style=\"color:#1E73BE !important;\" data-anim-type=\"fade-in-up\" data-anim-delay=\"100\">Neden G\u00fcne\u015f Anaokulu?<\/h2><\/div><\/div><div class=\"pix-el-text w-100  \" ><p class=\"text-20  text-body-default  \" >G\u00fcne\u015f Anaokulu\u2019nda \u00e7ocuklar\u0131m\u0131z\u0131n kendilerini g\u00fcvende, mutlu ve de\u011ferli hissetmeleri her \u015feyden \u00f6nce gelir. Sevgi ve g\u00fcven temelli e\u011fitim anlay\u0131\u015f\u0131m\u0131zla, \u00e7ocuklar\u0131n okula keyifle geldikleri bir \u00f6\u011frenme ortam\u0131 sunar\u0131z. \u00d6\u011frenmenin en do\u011fal yolunun oyun oldu\u011funa inan\u0131r; oyun temelli etkinliklerle \u00e7ocuklar\u0131n ke\u015ffederek, e\u011flenerek ve kal\u0131c\u0131 \u015fekilde \u00f6\u011frenmelerini destekleriz.\r\n\r\nHer \u00e7ocu\u011fun bireysel geli\u015fim \u00f6zelliklerine sayg\u0131 duyar, e\u011fitim s\u00fcrecini \u00e7ocu\u011fun ilgi ve ihtiya\u00e7lar\u0131na g\u00f6re planlar\u0131z. Deneyimli e\u011fitim kadromuz, \u00e7ocuklar\u0131n sosyal, duygusal, bili\u015fsel ve fiziksel geli\u015fimlerini yak\u0131ndan takip ederken velilerimizle g\u00fc\u00e7l\u00fc ve \u015feffaf bir ileti\u015fim kurar. Drama, jimnastik, bale, \u0130ngilizce, robotik kodlama, satran\u00e7 ve di\u011fer bran\u015f dersleriyle \u00e7ocuklar\u0131m\u0131z\u0131n \u00e7ok y\u00f6nl\u00fc geli\u015fimini destekleriz.\r\n\r\nG\u00fcne\u015f Anaokulu\u2019nda \u00e7ocuklar sadece akademik olarak de\u011fil, duygusal olarak da ilkokula haz\u0131rlan\u0131r. Amac\u0131m\u0131z; \u00f6zg\u00fcveni y\u00fcksek, mutlu, \u00f6\u011frenmeyi seven ve kendi \u0131\u015f\u0131\u011f\u0131yla parlayan bireyler yeti\u015ftirmektir.<\/p><\/div>[\/vc_column][\/vc_row][\/vc_section]<\/div>","protected":false},"excerpt":{"rendered":"[vc_section full_width=&#8221;stretch_row&#8221; pix_over_visibility=&#8221;&#8221; responsive_css=&#8221;{&#8220;pix_res_sm_pt&#8220;:&#8220;60&#8220;,&#8220;pix_res_sm_pb&#8220;:&#8220;20&#8220;,&#8220;pix_res_md_pt&#8220;:&#8220;80&#8220;,&#8220;pix_res_md_pb&#8220;:&#8220;20&#8220;}&#8221; css=&#8221;.vc_custom_1647978164651{padding-top: 140px !important;padding-bottom: 40px !important;}&#8221; el_id=&#8221;pix_section_features&#8221;][vc_row full_width=&#8221;stretch_row&#8221; pix_particles_check=&#8221;&#8221; css=&#8221;.vc_custom_1636590535764{padding-bottom: 40px !important;}&#8221;][vc_column content_align=&#8221;text-center&#8221;][\/vc_column][\/vc_row][\/vc_section][vc_section full_width=&#8221;stretch_row&#8221; pix_over_visibility=&#8221;&#8221; responsive_css=&#8221;{&#8220;pix_res_sm_pt&#8220;:&#8220;40&#8220;,&#8220;pix_res_sm_pb&#8220;:&#8220;60&#8220;,&#8220;pix_res_md_pt&#8220;:&#8220;60&#8220;,&#8220;pix_res_md_pb&#8220;:&#8220;80&#8220;}&#8221; css=&#8221;.vc_custom_1647978086851{padding-top: 80px !important;padding-bottom: 120px !important;background-color: #ffffff !important;}&#8221;][vc_row full_width=&#8221;stretch_row&#8221; pix_particles_check=&#8221;&#8221;][vc_column content_align=&#8221;text-center&#8221;][\/vc_column][\/vc_row][\/vc_section]","protected":false},"author":1,"featured_media":0,"parent":0,"menu_order":0,"comment_status":"closed","ping_status":"open","template":"","meta":{"footnotes":""},"class_list":["post-14679","page","type-page","status-publish","hentry"],"yoast_head":"<!-- This site is optimized with the Yoast SEO plugin v27.3 - https:\/\/yoast.com\/product\/yoast-seo-wordpress\/ -->\n<title>Vizyonumuz - G\u00fcne\u015f Anaokulu<\/title>\n<meta name=\"robots\" content=\"index, follow, max-snippet:-1, max-image-preview:large, max-video-preview:-1\" \/>\n<link rel=\"canonical\" href=\"https:\/\/gunesanaokulu.com.tr\/index.php\/vizyonumuz\/\" \/>\n<meta property=\"og:locale\" content=\"tr_TR\" \/>\n<meta property=\"og:type\" content=\"article\" \/>\n<meta property=\"og:title\" content=\"Vizyonumuz - G\u00fcne\u015f Anaokulu\" \/>\n<meta property=\"og:description\" content=\"[vc_section full_width=&#8221;stretch_row&#8221; pix_over_visibility=&#8221;&#8221; responsive_css=&#8221;{&#8220;pix_res_sm_pt&#8220;:&#8220;60&#8220;,&#8220;pix_res_sm_pb&#8220;:&#8220;20&#8220;,&#8220;pix_res_md_pt&#8220;:&#8220;80&#8220;,&#8220;pix_res_md_pb&#8220;:&#8220;20&#8220;}&#8221; css=&#8221;.vc_custom_1647978164651{padding-top: 140px !important;padding-bottom: 40px !important;}&#8221; el_id=&#8221;pix_section_features&#8221;][vc_row full_width=&#8221;stretch_row&#8221; pix_particles_check=&#8221;&#8221; css=&#8221;.vc_custom_1636590535764{padding-bottom: 40px !important;}&#8221;][vc_column content_align=&#8221;text-center&#8221;][\/vc_column][\/vc_row][\/vc_section][vc_section full_width=&#8221;stretch_row&#8221; pix_over_visibility=&#8221;&#8221; responsive_css=&#8221;{&#8220;pix_res_sm_pt&#8220;:&#8220;40&#8220;,&#8220;pix_res_sm_pb&#8220;:&#8220;60&#8220;,&#8220;pix_res_md_pt&#8220;:&#8220;60&#8220;,&#8220;pix_res_md_pb&#8220;:&#8220;80&#8220;}&#8221; css=&#8221;.vc_custom_1647978086851{padding-top: 80px !important;padding-bottom: 120px !important;background-color: #ffffff !important;}&#8221;][vc_row full_width=&#8221;stretch_row&#8221; pix_particles_check=&#8221;&#8221;][vc_column content_align=&#8221;text-center&#8221;][\/vc_column][\/vc_row][\/vc_section]\" \/>\n<meta property=\"og:url\" content=\"https:\/\/gunesanaokulu.com.tr\/index.php\/vizyonumuz\/\" \/>\n<meta property=\"og:site_name\" content=\"G\u00fcne\u015f Anaokulu\" \/>\n<meta property=\"article:publisher\" content=\"https:\/\/facebook.com\/gunesanaokulu\" \/>\n<meta name=\"twitter:card\" content=\"summary_large_image\" \/>\n<meta name=\"twitter:site\" content=\"@gunes_anaokulu\" \/>\n<meta name=\"twitter:label1\" content=\"Tahmini okuma s\u00fcresi\" \/>\n\t<meta name=\"twitter:data1\" content=\"2 dakika\" \/>\n<script type=\"application\/ld+json\" class=\"yoast-schema-graph\">{\"@context\":\"https:\\\/\\\/schema.org\",\"@graph\":[{\"@type\":\"WebPage\",\"@id\":\"https:\\\/\\\/gunesanaokulu.com.tr\\\/index.php\\\/vizyonumuz\\\/\",\"url\":\"https:\\\/\\\/gunesanaokulu.com.tr\\\/index.php\\\/vizyonumuz\\\/\",\"name\":\"Vizyonumuz - G\u00fcne\u015f Anaokulu\",\"isPartOf\":{\"@id\":\"https:\\\/\\\/gunesanaokulu.com.tr\\\/#website\"},\"datePublished\":\"2026-02-04T13:17:20+00:00\",\"breadcrumb\":{\"@id\":\"https:\\\/\\\/gunesanaokulu.com.tr\\\/index.php\\\/vizyonumuz\\\/#breadcrumb\"},\"inLanguage\":\"tr\",\"potentialAction\":[{\"@type\":\"ReadAction\",\"target\":[\"https:\\\/\\\/gunesanaokulu.com.tr\\\/index.php\\\/vizyonumuz\\\/\"]}]},{\"@type\":\"BreadcrumbList\",\"@id\":\"https:\\\/\\\/gunesanaokulu.com.tr\\\/index.php\\\/vizyonumuz\\\/#breadcrumb\",\"itemListElement\":[{\"@type\":\"ListItem\",\"position\":1,\"name\":\"Anasayfa\",\"item\":\"https:\\\/\\\/gunesanaokulu.com.tr\\\/\"},{\"@type\":\"ListItem\",\"position\":2,\"name\":\"Vizyonumuz\"}]},{\"@type\":\"WebSite\",\"@id\":\"https:\\\/\\\/gunesanaokulu.com.tr\\\/#website\",\"url\":\"https:\\\/\\\/gunesanaokulu.com.tr\\\/\",\"name\":\"G\u00fcne\u015f Anaokulu\",\"description\":\"E\u011fitime G\u00fcne\u015f Gibi S\u0131cac\u0131k Bir Ba\u015flang\u0131\u00e7\",\"publisher\":{\"@id\":\"https:\\\/\\\/gunesanaokulu.com.tr\\\/#organization\"},\"potentialAction\":[{\"@type\":\"SearchAction\",\"target\":{\"@type\":\"EntryPoint\",\"urlTemplate\":\"https:\\\/\\\/gunesanaokulu.com.tr\\\/?s={search_term_string}\"},\"query-input\":{\"@type\":\"PropertyValueSpecification\",\"valueRequired\":true,\"valueName\":\"search_term_string\"}}],\"inLanguage\":\"tr\"},{\"@type\":\"Organization\",\"@id\":\"https:\\\/\\\/gunesanaokulu.com.tr\\\/#organization\",\"name\":\"G\u00fcne\u015f Anaokulu\",\"url\":\"https:\\\/\\\/gunesanaokulu.com.tr\\\/\",\"logo\":{\"@type\":\"ImageObject\",\"inLanguage\":\"tr\",\"@id\":\"https:\\\/\\\/gunesanaokulu.com.tr\\\/#\\\/schema\\\/logo\\\/image\\\/\",\"url\":\"https:\\\/\\\/gunesanaokulu.com.tr\\\/wp-content\\\/uploads\\\/2026\\\/02\\\/gunes-anaokulu-logo-7000x5200px-scaled.png\",\"contentUrl\":\"https:\\\/\\\/gunesanaokulu.com.tr\\\/wp-content\\\/uploads\\\/2026\\\/02\\\/gunes-anaokulu-logo-7000x5200px-scaled.png\",\"width\":2560,\"height\":1920,\"caption\":\"G\u00fcne\u015f Anaokulu\"},\"image\":{\"@id\":\"https:\\\/\\\/gunesanaokulu.com.tr\\\/#\\\/schema\\\/logo\\\/image\\\/\"},\"sameAs\":[\"https:\\\/\\\/facebook.com\\\/gunesanaokulu\",\"https:\\\/\\\/x.com\\\/gunes_anaokulu\",\"https:\\\/\\\/instagram.com\\\/gunesanaokuluankara\"]}]}<\/script>\n<!-- \/ Yoast SEO plugin. -->","yoast_head_json":{"title":"Vizyonumuz - G\u00fcne\u015f Anaokulu","robots":{"index":"index","follow":"follow","max-snippet":"max-snippet:-1","max-image-preview":"max-image-preview:large","max-video-preview":"max-video-preview:-1"},"canonical":"https:\/\/gunesanaokulu.com.tr\/index.php\/vizyonumuz\/","og_locale":"tr_TR","og_type":"article","og_title":"Vizyonumuz - G\u00fcne\u015f Anaokulu","og_description":"[vc_section full_width=&#8221;stretch_row&#8221; pix_over_visibility=&#8221;&#8221; responsive_css=&#8221;{&#8220;pix_res_sm_pt&#8220;:&#8220;60&#8220;,&#8220;pix_res_sm_pb&#8220;:&#8220;20&#8220;,&#8220;pix_res_md_pt&#8220;:&#8220;80&#8220;,&#8220;pix_res_md_pb&#8220;:&#8220;20&#8220;}&#8221; css=&#8221;.vc_custom_1647978164651{padding-top: 140px !important;padding-bottom: 40px !important;}&#8221; el_id=&#8221;pix_section_features&#8221;][vc_row full_width=&#8221;stretch_row&#8221; pix_particles_check=&#8221;&#8221; css=&#8221;.vc_custom_1636590535764{padding-bottom: 40px !important;}&#8221;][vc_column content_align=&#8221;text-center&#8221;][\/vc_column][\/vc_row][\/vc_section][vc_section full_width=&#8221;stretch_row&#8221; pix_over_visibility=&#8221;&#8221; responsive_css=&#8221;{&#8220;pix_res_sm_pt&#8220;:&#8220;40&#8220;,&#8220;pix_res_sm_pb&#8220;:&#8220;60&#8220;,&#8220;pix_res_md_pt&#8220;:&#8220;60&#8220;,&#8220;pix_res_md_pb&#8220;:&#8220;80&#8220;}&#8221; css=&#8221;.vc_custom_1647978086851{padding-top: 80px !important;padding-bottom: 120px !important;background-color: #ffffff !important;}&#8221;][vc_row full_width=&#8221;stretch_row&#8221; pix_particles_check=&#8221;&#8221;][vc_column content_align=&#8221;text-center&#8221;][\/vc_column][\/vc_row][\/vc_section]","og_url":"https:\/\/gunesanaokulu.com.tr\/index.php\/vizyonumuz\/","og_site_name":"G\u00fcne\u015f Anaokulu","article_publisher":"https:\/\/facebook.com\/gunesanaokulu","twitter_card":"summary_large_image","twitter_site":"@gunes_anaokulu","twitter_misc":{"Tahmini okuma s\u00fcresi":"2 dakika"},"schema":{"@context":"https:\/\/schema.org","@graph":[{"@type":"WebPage","@id":"https:\/\/gunesanaokulu.com.tr\/index.php\/vizyonumuz\/","url":"https:\/\/gunesanaokulu.com.tr\/index.php\/vizyonumuz\/","name":"Vizyonumuz - G\u00fcne\u015f Anaokulu","isPartOf":{"@id":"https:\/\/gunesanaokulu.com.tr\/#website"},"datePublished":"2026-02-04T13:17:20+00:00","breadcrumb":{"@id":"https:\/\/gunesanaokulu.com.tr\/index.php\/vizyonumuz\/#breadcrumb"},"inLanguage":"tr","potentialAction":[{"@type":"ReadAction","target":["https:\/\/gunesanaokulu.com.tr\/index.php\/vizyonumuz\/"]}]},{"@type":"BreadcrumbList","@id":"https:\/\/gunesanaokulu.com.tr\/index.php\/vizyonumuz\/#breadcrumb","itemListElement":[{"@type":"ListItem","position":1,"name":"Anasayfa","item":"https:\/\/gunesanaokulu.com.tr\/"},{"@type":"ListItem","position":2,"name":"Vizyonumuz"}]},{"@type":"WebSite","@id":"https:\/\/gunesanaokulu.com.tr\/#website","url":"https:\/\/gunesanaokulu.com.tr\/","name":"G\u00fcne\u015f Anaokulu","description":"E\u011fitime G\u00fcne\u015f Gibi S\u0131cac\u0131k Bir Ba\u015flang\u0131\u00e7","publisher":{"@id":"https:\/\/gunesanaokulu.com.tr\/#organization"},"potentialAction":[{"@type":"SearchAction","target":{"@type":"EntryPoint","urlTemplate":"https:\/\/gunesanaokulu.com.tr\/?s={search_term_string}"},"query-input":{"@type":"PropertyValueSpecification","valueRequired":true,"valueName":"search_term_string"}}],"inLanguage":"tr"},{"@type":"Organization","@id":"https:\/\/gunesanaokulu.com.tr\/#organization","name":"G\u00fcne\u015f Anaokulu","url":"https:\/\/gunesanaokulu.com.tr\/","logo":{"@type":"ImageObject","inLanguage":"tr","@id":"https:\/\/gunesanaokulu.com.tr\/#\/schema\/logo\/image\/","url":"https:\/\/gunesanaokulu.com.tr\/wp-content\/uploads\/2026\/02\/gunes-anaokulu-logo-7000x5200px-scaled.png","contentUrl":"https:\/\/gunesanaokulu.com.tr\/wp-content\/uploads\/2026\/02\/gunes-anaokulu-logo-7000x5200px-scaled.png","width":2560,"height":1920,"caption":"G\u00fcne\u015f Anaokulu"},"image":{"@id":"https:\/\/gunesanaokulu.com.tr\/#\/schema\/logo\/image\/"},"sameAs":["https:\/\/facebook.com\/gunesanaokulu","https:\/\/x.com\/gunes_anaokulu","https:\/\/instagram.com\/gunesanaokuluankara"]}]}},"_links":{"self":[{"href":"https:\/\/gunesanaokulu.com.tr\/index.php\/wp-json\/wp\/v2\/pages\/14679","targetHints":{"allow":["GET"]}}],"collection":[{"href":"https:\/\/gunesanaokulu.com.tr\/index.php\/wp-json\/wp\/v2\/pages"}],"about":[{"href":"https:\/\/gunesanaokulu.com.tr\/index.php\/wp-json\/wp\/v2\/types\/page"}],"author":[{"embeddable":true,"href":"https:\/\/gunesanaokulu.com.tr\/index.php\/wp-json\/wp\/v2\/users\/1"}],"replies":[{"embeddable":true,"href":"https:\/\/gunesanaokulu.com.tr\/index.php\/wp-json\/wp\/v2\/comments?post=14679"}],"version-history":[{"count":14,"href":"https:\/\/gunesanaokulu.com.tr\/index.php\/wp-json\/wp\/v2\/pages\/14679\/revisions"}],"predecessor-version":[{"id":14693,"href":"https:\/\/gunesanaokulu.com.tr\/index.php\/wp-json\/wp\/v2\/pages\/14679\/revisions\/14693"}],"wp:attachment":[{"href":"https:\/\/gunesanaokulu.com.tr\/index.php\/wp-json\/wp\/v2\/media?parent=14679"}],"curies":[{"name":"wp","href":"https:\/\/api.w.org\/{rel}","templated":true}]}}