{"id":14696,"date":"2026-02-04T13:31:33","date_gmt":"2026-02-04T13:31:33","guid":{"rendered":"https:\/\/gunesanaokulu.com.tr\/?page_id=14696"},"modified":"2026-02-04T13:31:33","modified_gmt":"2026-02-04T13:31:33","slug":"haberler","status":"publish","type":"page","link":"https:\/\/gunesanaokulu.com.tr\/index.php\/haberler\/","title":{"rendered":"Haberler"},"content":{"rendered":"<div class=\"wpb-content-wrapper\">[vc_section full_width=&#8221;stretch_row&#8221; pix_over_visibility=&#8221;&#8221; pix_overlay_color=&#8221;gray-1&#8243; css=&#8221;.vc_custom_1592353693329{background-color: #f8f9fa !important;background-position: 0 0 !important;background-repeat: repeat !important;}&#8221; pix_overlay_opacity=&#8221;0.95&#8243;][vc_row full_width=&#8221;stretch_row&#8221; content_placement=&#8221;middle&#8221; pix_particles_check=&#8221;&#8221; css=&#8221;.vc_custom_1592521672103{padding-top: 80px !important;padding-bottom: 80px !important;}&#8221;][vc_column width=&#8221;1\/2&#8243; css=&#8221;.vc_custom_1589595508057{padding-top: 20px !important;padding-bottom: 20px !important;}&#8221;]<div id=\"el1770211434475-709b10ca-8f9b\" class=\"mb-3 text-left  vc_custom_1770211560275\"><h2 class=\"mb-32 pix-sliding-headline-2 animate-in font-weight-bold secondary-font \" data-anim-type=\"pix-sliding-text\" pix-anim-delay=\"500\" data-class=\"secondary-font text-dark-opacity-8\" style=\"\"><span class=\"slide-in-container \"><span class=\"pix-sliding-item secondary-font text-dark-opacity-8\" style=\"transition-delay: 0ms;\">E\u011fitimle&#32;<\/span><\/span> <span class=\"slide-in-container \"><span class=\"pix-sliding-item secondary-font text-dark-opacity-8\" style=\"transition-delay: 150ms;\">Ge\u00e7en&#32;<\/span><\/span> <span class=\"slide-in-container \"><span class=\"pix-sliding-item secondary-font text-dark-opacity-8\" style=\"transition-delay: 300ms;\">Bir&#32;<\/span><\/span> <span class=\"slide-in-container \"><span class=\"pix-sliding-item secondary-font text-dark-opacity-8\" style=\"transition-delay: 450ms;\">Hafta&#32;<\/span><\/span> <span class=\"slide-in-container \"><span class=\"pix-sliding-item secondary-font text-dark-opacity-8\" style=\"transition-delay: 600ms;\">Sonu&#32;<\/span><\/span> <\/h2><\/div><div class=\"pix-el-text w-100   vc_custom_1770211631887\" ><p class=\"text-20  text-body-default  \" ><span class=\"text-body-default animate-in d-inline-block\" data-anim-delay=\"1200\" data-anim-type=\"fade-in-up\">Prof.Dr. Mustafa Serdar K\u00d6KSAL\r\nEbeveynin merce\u011fi:\u00c7ocu\u011funuzdaki Farkl\u0131l\u0131klar\u0131 Tan\u0131ma, De\u011ferlendirme ve Destekleme\r\n\r\nAkademisyen-Yazar Do\u00e7 Dr. Saniye BENC\u0130K KANGAL\r\n\u00c7ocukla Etkili \u0130leti\u015fim\r\n\r\nAkademisyen-Yazar (Sinirbilim)\r\nDr. Serkan KARA\u0130SMA\u0130LO\u011eLU\r\nBir Ailenin Fizyolojisi\r\n\r\n\u00c7ocuk Geli\u015fimi Uzman\u0131-Yazar Emine ERG\u00dcN\r\n\u00c7ocuklar S\u0131n\u0131r Sever\r\n\r\nSeminer s\u0131ras\u0131nda kat\u0131ld\u0131\u011f\u0131m\u0131z At\u00f6lyede Drama E\u011fitmeni Nurdan K\u0131n\u0131k ise bizlere &#8220;Masal Anlat\u0131c\u0131\u011f\u0131&#8221; konulu etkinlik ger\u00e7ekle\u015ftirdi.<\/span><\/p><\/div>[\/vc_column][vc_column width=&#8221;1\/2&#8243;]<div class=\"pixfort-swiper position-relative  \"><div class=\"position-relative\"><div class=\"swiper  pix-style-standard pix-circular-left pix-overflow-all-visible\" data-swiper='{\"loop\":false,\"is_thumbnails\":false,\"has_thumbnails\":false,\"slidesPerView\":\"1\",\"slidesPerGroup\":1,\"autoHeight\":true,\"centeredSlides\":false,\"duplicatedItems\":false,\"itemsCount\":4,\"autoplay\":false,\"pagination\":{\"enabled\":true,\"clickable\":true,\"dynamicBullets\":false},\"navigation\":{\"enabled\":false},\"freeMode\":false,\"edgeTransitionParams\":{\"transitionZone\":1,\"slider_style\":\"pix-style-standard\",\"slider_effect\":\"pix-circular-left\",\"slider_inactive_scale\":true,\"dragScale\":false},\"breakpoints\":{\"767\":{\"slidesPerView\":\"1\"},\"1024\":{\"slidesPerView\":\"1\"}}}' ><div class=\"swiper-wrapper\"><div class=\"swiper-slide\" data-pixfort-slide-index=\"0\"><div class=\"pixfort-slide-inner \"><div class=\" text-left w-100 d-inline-block rounded-0\"  ><img fetchpriority=\"high\" decoding=\"async\" class=\"card-img rounded-0 h-100\" width=\"1284\" height=\"1165\" srcset=\"https:\/\/gunesanaokulu.com.tr\/wp-content\/uploads\/2026\/02\/WhatsApp-Image-2026-02-04-at-16.28.48-300x272.jpeg 300w, https:\/\/gunesanaokulu.com.tr\/wp-content\/uploads\/2026\/02\/WhatsApp-Image-2026-02-04-at-16.28.48-1024x929.jpeg 1024w, https:\/\/gunesanaokulu.com.tr\/wp-content\/uploads\/2026\/02\/WhatsApp-Image-2026-02-04-at-16.28.48-768x697.jpeg 768w, https:\/\/gunesanaokulu.com.tr\/wp-content\/uploads\/2026\/02\/WhatsApp-Image-2026-02-04-at-16.28.48.jpeg 1284w\" sizes=\"(max-width: 1284px) 100vw, 1284px\" src=\"https:\/\/gunesanaokulu.com.tr\/wp-content\/uploads\/2026\/02\/WhatsApp-Image-2026-02-04-at-16.28.48.jpeg\" alt=\"\" style=\"\"\/><\/div><\/div><\/div><div class=\"swiper-slide\" data-pixfort-slide-index=\"1\"><div class=\"pixfort-slide-inner \"><div class=\" text-left w-100 d-inline-block rounded-0\"  ><img decoding=\"async\" class=\"card-img rounded-0 h-100\" width=\"1284\" height=\"1015\" srcset=\"https:\/\/gunesanaokulu.com.tr\/wp-content\/uploads\/2026\/02\/WhatsApp-Image-2026-02-04-at-16.28.48-1-300x237.jpeg 300w, https:\/\/gunesanaokulu.com.tr\/wp-content\/uploads\/2026\/02\/WhatsApp-Image-2026-02-04-at-16.28.48-1-1024x809.jpeg 1024w, https:\/\/gunesanaokulu.com.tr\/wp-content\/uploads\/2026\/02\/WhatsApp-Image-2026-02-04-at-16.28.48-1-768x607.jpeg 768w, https:\/\/gunesanaokulu.com.tr\/wp-content\/uploads\/2026\/02\/WhatsApp-Image-2026-02-04-at-16.28.48-1.jpeg 1284w\" sizes=\"(max-width: 1284px) 100vw, 1284px\" src=\"https:\/\/gunesanaokulu.com.tr\/wp-content\/uploads\/2026\/02\/WhatsApp-Image-2026-02-04-at-16.28.48-1.jpeg\" alt=\"\" style=\"\"\/><\/div><\/div><\/div><div class=\"swiper-slide\" data-pixfort-slide-index=\"2\"><div class=\"pixfort-slide-inner \"><div class=\" text-left w-100 d-inline-block rounded-0\"  ><img decoding=\"async\" class=\"card-img rounded-0 h-100\" width=\"1284\" height=\"1150\" srcset=\"https:\/\/gunesanaokulu.com.tr\/wp-content\/uploads\/2026\/02\/WhatsApp-Image-2026-02-04-at-16.28.48-2-300x269.jpeg 300w, https:\/\/gunesanaokulu.com.tr\/wp-content\/uploads\/2026\/02\/WhatsApp-Image-2026-02-04-at-16.28.48-2-1024x917.jpeg 1024w, https:\/\/gunesanaokulu.com.tr\/wp-content\/uploads\/2026\/02\/WhatsApp-Image-2026-02-04-at-16.28.48-2-768x688.jpeg 768w, https:\/\/gunesanaokulu.com.tr\/wp-content\/uploads\/2026\/02\/WhatsApp-Image-2026-02-04-at-16.28.48-2.jpeg 1284w\" sizes=\"(max-width: 1284px) 100vw, 1284px\" src=\"https:\/\/gunesanaokulu.com.tr\/wp-content\/uploads\/2026\/02\/WhatsApp-Image-2026-02-04-at-16.28.48-2.jpeg\" alt=\"\" style=\"\"\/><\/div><\/div><\/div><div class=\"swiper-slide\" data-pixfort-slide-index=\"3\"><div class=\"pixfort-slide-inner \"><div class=\" text-left w-100 d-inline-block rounded-0\"  ><img loading=\"lazy\" decoding=\"async\" class=\"card-img rounded-0 h-100\" width=\"1284\" height=\"1113\" srcset=\"https:\/\/gunesanaokulu.com.tr\/wp-content\/uploads\/2026\/02\/WhatsApp-Image-2026-02-04-at-16.28.48-3-300x260.jpeg 300w, https:\/\/gunesanaokulu.com.tr\/wp-content\/uploads\/2026\/02\/WhatsApp-Image-2026-02-04-at-16.28.48-3-1024x888.jpeg 1024w, https:\/\/gunesanaokulu.com.tr\/wp-content\/uploads\/2026\/02\/WhatsApp-Image-2026-02-04-at-16.28.48-3-768x666.jpeg 768w, https:\/\/gunesanaokulu.com.tr\/wp-content\/uploads\/2026\/02\/WhatsApp-Image-2026-02-04-at-16.28.48-3.jpeg 1284w\" sizes=\"(max-width: 1284px) 100vw, 1284px\" src=\"https:\/\/gunesanaokulu.com.tr\/wp-content\/uploads\/2026\/02\/WhatsApp-Image-2026-02-04-at-16.28.48-3.jpeg\" alt=\"\" style=\"\"\/><\/div><\/div><\/div><\/div><\/div><\/div><div class=\"pixfort-slider-pagination-container\"><div class=\"pixfort-slider-pagination\"><\/div><\/div><\/div>[\/vc_column][\/vc_row][\/vc_section]<\/div>","protected":false},"excerpt":{"rendered":"[vc_section full_width=&#8221;stretch_row&#8221; pix_over_visibility=&#8221;&#8221; pix_overlay_color=&#8221;gray-1&#8243; css=&#8221;.vc_custom_1592353693329{background-color: #f8f9fa !important;background-position: 0 0 !important;background-repeat: repeat !important;}&#8221; pix_overlay_opacity=&#8221;0.95&#8243;][vc_row full_width=&#8221;stretch_row&#8221; content_placement=&#8221;middle&#8221; pix_particles_check=&#8221;&#8221; css=&#8221;.vc_custom_1592521672103{padding-top: 80px !important;padding-bottom: 80px !important;}&#8221;][vc_column width=&#8221;1\/2&#8243; css=&#8221;.vc_custom_1589595508057{padding-top: 20px !important;padding-bottom: 20px !important;}&#8221;][\/vc_column][vc_column width=&#8221;1\/2&#8243;][\/vc_column][\/vc_row][\/vc_section]","protected":false},"author":1,"featured_media":0,"parent":0,"menu_order":0,"comment_status":"closed","ping_status":"open","template":"","meta":{"footnotes":""},"class_list":["post-14696","page","type-page","status-publish","hentry"],"yoast_head":"<!-- This site is optimized with the Yoast SEO plugin v27.3 - https:\/\/yoast.com\/product\/yoast-seo-wordpress\/ -->\n<title>Haberler - G\u00fcne\u015f Anaokulu<\/title>\n<meta name=\"robots\" content=\"index, follow, max-snippet:-1, max-image-preview:large, max-video-preview:-1\" \/>\n<link rel=\"canonical\" href=\"https:\/\/gunesanaokulu.com.tr\/index.php\/haberler\/\" \/>\n<meta property=\"og:locale\" content=\"tr_TR\" \/>\n<meta property=\"og:type\" content=\"article\" \/>\n<meta property=\"og:title\" content=\"Haberler - G\u00fcne\u015f Anaokulu\" \/>\n<meta property=\"og:description\" content=\"[vc_section full_width=&#8221;stretch_row&#8221; pix_over_visibility=&#8221;&#8221; pix_overlay_color=&#8221;gray-1&#8243; css=&#8221;.vc_custom_1592353693329{background-color: #f8f9fa !important;background-position: 0 0 !important;background-repeat: repeat !important;}&#8221; pix_overlay_opacity=&#8221;0.95&#8243;][vc_row full_width=&#8221;stretch_row&#8221; content_placement=&#8221;middle&#8221; pix_particles_check=&#8221;&#8221; css=&#8221;.vc_custom_1592521672103{padding-top: 80px !important;padding-bottom: 80px !important;}&#8221;][vc_column width=&#8221;1\/2&#8243; css=&#8221;.vc_custom_1589595508057{padding-top: 20px !important;padding-bottom: 20px !important;}&#8221;][\/vc_column][vc_column width=&#8221;1\/2&#8243;][\/vc_column][\/vc_row][\/vc_section]\" \/>\n<meta property=\"og:url\" content=\"https:\/\/gunesanaokulu.com.tr\/index.php\/haberler\/\" \/>\n<meta property=\"og:site_name\" content=\"G\u00fcne\u015f Anaokulu\" \/>\n<meta property=\"article:publisher\" content=\"https:\/\/facebook.com\/gunesanaokulu\" \/>\n<meta name=\"twitter:card\" content=\"summary_large_image\" \/>\n<meta name=\"twitter:site\" content=\"@gunes_anaokulu\" \/>\n<meta name=\"twitter:label1\" content=\"Tahmini okuma s\u00fcresi\" \/>\n\t<meta name=\"twitter:data1\" content=\"1 dakika\" \/>\n<script type=\"application\/ld+json\" class=\"yoast-schema-graph\">{\"@context\":\"https:\\\/\\\/schema.org\",\"@graph\":[{\"@type\":\"WebPage\",\"@id\":\"https:\\\/\\\/gunesanaokulu.com.tr\\\/index.php\\\/haberler\\\/\",\"url\":\"https:\\\/\\\/gunesanaokulu.com.tr\\\/index.php\\\/haberler\\\/\",\"name\":\"Haberler - G\u00fcne\u015f Anaokulu\",\"isPartOf\":{\"@id\":\"https:\\\/\\\/gunesanaokulu.com.tr\\\/#website\"},\"datePublished\":\"2026-02-04T13:31:33+00:00\",\"breadcrumb\":{\"@id\":\"https:\\\/\\\/gunesanaokulu.com.tr\\\/index.php\\\/haberler\\\/#breadcrumb\"},\"inLanguage\":\"tr\",\"potentialAction\":[{\"@type\":\"ReadAction\",\"target\":[\"https:\\\/\\\/gunesanaokulu.com.tr\\\/index.php\\\/haberler\\\/\"]}]},{\"@type\":\"BreadcrumbList\",\"@id\":\"https:\\\/\\\/gunesanaokulu.com.tr\\\/index.php\\\/haberler\\\/#breadcrumb\",\"itemListElement\":[{\"@type\":\"ListItem\",\"position\":1,\"name\":\"Anasayfa\",\"item\":\"https:\\\/\\\/gunesanaokulu.com.tr\\\/\"},{\"@type\":\"ListItem\",\"position\":2,\"name\":\"Haberler\"}]},{\"@type\":\"WebSite\",\"@id\":\"https:\\\/\\\/gunesanaokulu.com.tr\\\/#website\",\"url\":\"https:\\\/\\\/gunesanaokulu.com.tr\\\/\",\"name\":\"G\u00fcne\u015f Anaokulu\",\"description\":\"E\u011fitime G\u00fcne\u015f Gibi S\u0131cac\u0131k Bir Ba\u015flang\u0131\u00e7\",\"publisher\":{\"@id\":\"https:\\\/\\\/gunesanaokulu.com.tr\\\/#organization\"},\"potentialAction\":[{\"@type\":\"SearchAction\",\"target\":{\"@type\":\"EntryPoint\",\"urlTemplate\":\"https:\\\/\\\/gunesanaokulu.com.tr\\\/?s={search_term_string}\"},\"query-input\":{\"@type\":\"PropertyValueSpecification\",\"valueRequired\":true,\"valueName\":\"search_term_string\"}}],\"inLanguage\":\"tr\"},{\"@type\":\"Organization\",\"@id\":\"https:\\\/\\\/gunesanaokulu.com.tr\\\/#organization\",\"name\":\"G\u00fcne\u015f Anaokulu\",\"url\":\"https:\\\/\\\/gunesanaokulu.com.tr\\\/\",\"logo\":{\"@type\":\"ImageObject\",\"inLanguage\":\"tr\",\"@id\":\"https:\\\/\\\/gunesanaokulu.com.tr\\\/#\\\/schema\\\/logo\\\/image\\\/\",\"url\":\"https:\\\/\\\/gunesanaokulu.com.tr\\\/wp-content\\\/uploads\\\/2026\\\/02\\\/gunes-anaokulu-logo-7000x5200px-scaled.png\",\"contentUrl\":\"https:\\\/\\\/gunesanaokulu.com.tr\\\/wp-content\\\/uploads\\\/2026\\\/02\\\/gunes-anaokulu-logo-7000x5200px-scaled.png\",\"width\":2560,\"height\":1920,\"caption\":\"G\u00fcne\u015f Anaokulu\"},\"image\":{\"@id\":\"https:\\\/\\\/gunesanaokulu.com.tr\\\/#\\\/schema\\\/logo\\\/image\\\/\"},\"sameAs\":[\"https:\\\/\\\/facebook.com\\\/gunesanaokulu\",\"https:\\\/\\\/x.com\\\/gunes_anaokulu\",\"https:\\\/\\\/instagram.com\\\/gunesanaokuluankara\"]}]}<\/script>\n<!-- \/ Yoast SEO plugin. -->","yoast_head_json":{"title":"Haberler - G\u00fcne\u015f Anaokulu","robots":{"index":"index","follow":"follow","max-snippet":"max-snippet:-1","max-image-preview":"max-image-preview:large","max-video-preview":"max-video-preview:-1"},"canonical":"https:\/\/gunesanaokulu.com.tr\/index.php\/haberler\/","og_locale":"tr_TR","og_type":"article","og_title":"Haberler - G\u00fcne\u015f Anaokulu","og_description":"[vc_section full_width=&#8221;stretch_row&#8221; pix_over_visibility=&#8221;&#8221; pix_overlay_color=&#8221;gray-1&#8243; css=&#8221;.vc_custom_1592353693329{background-color: #f8f9fa !important;background-position: 0 0 !important;background-repeat: repeat !important;}&#8221; pix_overlay_opacity=&#8221;0.95&#8243;][vc_row full_width=&#8221;stretch_row&#8221; content_placement=&#8221;middle&#8221; pix_particles_check=&#8221;&#8221; css=&#8221;.vc_custom_1592521672103{padding-top: 80px !important;padding-bottom: 80px !important;}&#8221;][vc_column width=&#8221;1\/2&#8243; css=&#8221;.vc_custom_1589595508057{padding-top: 20px !important;padding-bottom: 20px !important;}&#8221;][\/vc_column][vc_column width=&#8221;1\/2&#8243;][\/vc_column][\/vc_row][\/vc_section]","og_url":"https:\/\/gunesanaokulu.com.tr\/index.php\/haberler\/","og_site_name":"G\u00fcne\u015f Anaokulu","article_publisher":"https:\/\/facebook.com\/gunesanaokulu","twitter_card":"summary_large_image","twitter_site":"@gunes_anaokulu","twitter_misc":{"Tahmini okuma s\u00fcresi":"1 dakika"},"schema":{"@context":"https:\/\/schema.org","@graph":[{"@type":"WebPage","@id":"https:\/\/gunesanaokulu.com.tr\/index.php\/haberler\/","url":"https:\/\/gunesanaokulu.com.tr\/index.php\/haberler\/","name":"Haberler - G\u00fcne\u015f Anaokulu","isPartOf":{"@id":"https:\/\/gunesanaokulu.com.tr\/#website"},"datePublished":"2026-02-04T13:31:33+00:00","breadcrumb":{"@id":"https:\/\/gunesanaokulu.com.tr\/index.php\/haberler\/#breadcrumb"},"inLanguage":"tr","potentialAction":[{"@type":"ReadAction","target":["https:\/\/gunesanaokulu.com.tr\/index.php\/haberler\/"]}]},{"@type":"BreadcrumbList","@id":"https:\/\/gunesanaokulu.com.tr\/index.php\/haberler\/#breadcrumb","itemListElement":[{"@type":"ListItem","position":1,"name":"Anasayfa","item":"https:\/\/gunesanaokulu.com.tr\/"},{"@type":"ListItem","position":2,"name":"Haberler"}]},{"@type":"WebSite","@id":"https:\/\/gunesanaokulu.com.tr\/#website","url":"https:\/\/gunesanaokulu.com.tr\/","name":"G\u00fcne\u015f Anaokulu","description":"E\u011fitime G\u00fcne\u015f Gibi S\u0131cac\u0131k Bir Ba\u015flang\u0131\u00e7","publisher":{"@id":"https:\/\/gunesanaokulu.com.tr\/#organization"},"potentialAction":[{"@type":"SearchAction","target":{"@type":"EntryPoint","urlTemplate":"https:\/\/gunesanaokulu.com.tr\/?s={search_term_string}"},"query-input":{"@type":"PropertyValueSpecification","valueRequired":true,"valueName":"search_term_string"}}],"inLanguage":"tr"},{"@type":"Organization","@id":"https:\/\/gunesanaokulu.com.tr\/#organization","name":"G\u00fcne\u015f Anaokulu","url":"https:\/\/gunesanaokulu.com.tr\/","logo":{"@type":"ImageObject","inLanguage":"tr","@id":"https:\/\/gunesanaokulu.com.tr\/#\/schema\/logo\/image\/","url":"https:\/\/gunesanaokulu.com.tr\/wp-content\/uploads\/2026\/02\/gunes-anaokulu-logo-7000x5200px-scaled.png","contentUrl":"https:\/\/gunesanaokulu.com.tr\/wp-content\/uploads\/2026\/02\/gunes-anaokulu-logo-7000x5200px-scaled.png","width":2560,"height":1920,"caption":"G\u00fcne\u015f Anaokulu"},"image":{"@id":"https:\/\/gunesanaokulu.com.tr\/#\/schema\/logo\/image\/"},"sameAs":["https:\/\/facebook.com\/gunesanaokulu","https:\/\/x.com\/gunes_anaokulu","https:\/\/instagram.com\/gunesanaokuluankara"]}]}},"_links":{"self":[{"href":"https:\/\/gunesanaokulu.com.tr\/index.php\/wp-json\/wp\/v2\/pages\/14696","targetHints":{"allow":["GET"]}}],"collection":[{"href":"https:\/\/gunesanaokulu.com.tr\/index.php\/wp-json\/wp\/v2\/pages"}],"about":[{"href":"https:\/\/gunesanaokulu.com.tr\/index.php\/wp-json\/wp\/v2\/types\/page"}],"author":[{"embeddable":true,"href":"https:\/\/gunesanaokulu.com.tr\/index.php\/wp-json\/wp\/v2\/users\/1"}],"replies":[{"embeddable":true,"href":"https:\/\/gunesanaokulu.com.tr\/index.php\/wp-json\/wp\/v2\/comments?post=14696"}],"version-history":[{"count":7,"href":"https:\/\/gunesanaokulu.com.tr\/index.php\/wp-json\/wp\/v2\/pages\/14696\/revisions"}],"predecessor-version":[{"id":14707,"href":"https:\/\/gunesanaokulu.com.tr\/index.php\/wp-json\/wp\/v2\/pages\/14696\/revisions\/14707"}],"wp:attachment":[{"href":"https:\/\/gunesanaokulu.com.tr\/index.php\/wp-json\/wp\/v2\/media?parent=14696"}],"curies":[{"name":"wp","href":"https:\/\/api.w.org\/{rel}","templated":true}]}}